{"id":98,"date":"2024-04-05T17:02:03","date_gmt":"2024-04-05T15:02:03","guid":{"rendered":"https:\/\/uj2.hilltoplog.hu\/?page_id=98"},"modified":"2025-01-21T09:51:09","modified_gmt":"2025-01-21T08:51:09","slug":"jarmuflotta","status":"publish","type":"page","link":"https:\/\/hilltoplog.hu\/fr\/jarmuflotta\/","title":{"rendered":"NOTRE PARC DE V\u00c9HICULE"},"content":{"rendered":"<div data-elementor-type=\"wp-page\" data-elementor-id=\"98\" class=\"elementor elementor-98\" data-elementor-post-type=\"page\">\n\t\t\t\t<div class=\"elementor-element elementor-element-5b1f3ad e-flex e-con-boxed e-con e-parent\" data-id=\"5b1f3ad\" data-element_type=\"container\" data-settings=\"{&quot;background_background&quot;:&quot;classic&quot;,&quot;shape_divider_bottom&quot;:&quot;triangle-asymmetrical&quot;,&quot;shape_divider_bottom_negative&quot;:&quot;yes&quot;}\" data-core-v316-plus=\"true\">\n\t\t\t\t\t<div class=\"e-con-inner\">\n\t\t\t\t<div class=\"elementor-shape elementor-shape-bottom\" data-negative=\"true\">\n\t\t\t<svg xmlns=\"http:\/\/www.w3.org\/2000\/svg\" viewbox=\"0 0 1000 100\" preserveaspectratio=\"none\">\n\t<path class=\"elementor-shape-fill\" d=\"M737.9,94.7L0,0v100h1000V0L737.9,94.7z\"\/>\n<\/svg>\t\t<\/div>\n\t\t\t\t<div class=\"elementor-element elementor-element-0fb5d82 elementor-widget elementor-widget-heading\" data-id=\"0fb5d82\" data-element_type=\"widget\" data-widget_type=\"heading.default\">\n\t\t\t\t<div class=\"elementor-widget-container\">\n\t\t\t<style>\/*! elementor - v3.20.0 - 26-03-2024 *\/\n.elementor-heading-title{padding:0;margin:0;line-height:1}.elementor-widget-heading .elementor-heading-title[class*=elementor-size-]>a{color:inherit;font-size:inherit;line-height:inherit}.elementor-widget-heading .elementor-heading-title.elementor-size-small{font-size:15px}.elementor-widget-heading .elementor-heading-title.elementor-size-medium{font-size:19px}.elementor-widget-heading .elementor-heading-title.elementor-size-large{font-size:29px}.elementor-widget-heading .elementor-heading-title.elementor-size-xl{font-size:39px}.elementor-widget-heading .elementor-heading-title.elementor-size-xxl{font-size:59px}<\/style><h1 class=\"elementor-heading-title elementor-size-default\">NOTRE PARC DE V\u00c9HICULE<\/h1>\t\t<\/div>\n\t\t\t\t<\/div>\n\t\t\t\t\t<\/div>\n\t\t\t\t<\/div>\n\t\t<div class=\"elementor-element elementor-element-a265f4b e-flex e-con-boxed elementor-invisible e-con e-parent\" data-id=\"a265f4b\" data-element_type=\"container\" data-settings=\"{&quot;background_background&quot;:&quot;classic&quot;,&quot;animation&quot;:&quot;fadeInRight&quot;}\" data-core-v316-plus=\"true\">\n\t\t\t\t\t<div class=\"e-con-inner\">\n\t\t<div class=\"elementor-element elementor-element-06969af e-con-full e-flex e-con e-child\" data-id=\"06969af\" data-element_type=\"container\">\n\t\t\t\t<div class=\"elementor-element elementor-element-1096725 elementor-widget elementor-widget-image\" data-id=\"1096725\" data-element_type=\"widget\" data-widget_type=\"image.default\">\n\t\t\t\t<div class=\"elementor-widget-container\">\n\t\t\t<style>\/*! elementor - v3.20.0 - 26-03-2024 *\/\n.elementor-widget-image{text-align:center}.elementor-widget-image a{display:inline-block}.elementor-widget-image a img[src$=\".svg\"]{width:48px}.elementor-widget-image img{vertical-align:middle;display:inline-block}<\/style>\t\t\t\t\t\t\t\t\t\t<img fetchpriority=\"high\" decoding=\"async\" width=\"300\" height=\"300\" src=\"https:\/\/hilltoplog.hu\/wp-content\/uploads\/2024\/04\/hilltop-kamion-kep-300x300.webp\" class=\"attachment-medium size-medium wp-image-16\" alt=\"\" srcset=\"https:\/\/hilltoplog.hu\/wp-content\/uploads\/2024\/04\/hilltop-kamion-kep-300x300.webp 300w, https:\/\/hilltoplog.hu\/wp-content\/uploads\/2024\/04\/hilltop-kamion-kep-150x150.webp 150w, https:\/\/hilltoplog.hu\/wp-content\/uploads\/2024\/04\/hilltop-kamion-kep-768x768.webp 768w, https:\/\/hilltoplog.hu\/wp-content\/uploads\/2024\/04\/hilltop-kamion-kep.webp 960w\" sizes=\"(max-width: 300px) 100vw, 300px\" \/>\t\t\t\t\t\t\t\t\t\t\t\t\t<\/div>\n\t\t\t\t<\/div>\n\t\t\t\t<\/div>\n\t\t<div class=\"elementor-element elementor-element-5b3ff3f e-con-full e-flex e-con e-child\" data-id=\"5b3ff3f\" data-element_type=\"container\">\n\t\t\t\t<div class=\"elementor-element elementor-element-27d29ad elementor-widget elementor-widget-text-editor\" data-id=\"27d29ad\" data-element_type=\"widget\" data-widget_type=\"text-editor.default\">\n\t\t\t\t<div class=\"elementor-widget-container\">\n\t\t\t<style>\/*! elementor - v3.20.0 - 26-03-2024 *\/\n.elementor-widget-text-editor.elementor-drop-cap-view-stacked .elementor-drop-cap{background-color:#69727d;color:#fff}.elementor-widget-text-editor.elementor-drop-cap-view-framed .elementor-drop-cap{color:#69727d;border:3px solid;background-color:transparent}.elementor-widget-text-editor:not(.elementor-drop-cap-view-default) .elementor-drop-cap{margin-top:8px}.elementor-widget-text-editor:not(.elementor-drop-cap-view-default) .elementor-drop-cap-letter{width:1em;height:1em}.elementor-widget-text-editor .elementor-drop-cap{float:left;text-align:center;line-height:1;font-size:50px}.elementor-widget-text-editor .elementor-drop-cap-letter{display:inline-block}<\/style>\t\t\t\tL\u2019\u00e2ge moyen de nos v\u00e9hicules : 2 ans.\nCamions \u00e0 b\u00e2che (65%) et frigorifiques\n(35%).\n\u201eDouble-deck\u201d\u2013 double pont (capacit\u00e9 de\n66 palettes), hayon \u00e9l\u00e9vateur \u00e0 l'arri\u00e8re,\nlargeur de la structure \u00e9gale \u00e0 la\ncarrosserie.\n\u00c9quipement de r\u00e9frig\u00e9ration et de\nchauffage moderne (-18 C\u00b0 \u00e0 24 C\u00b0).\nSurveillance GPS permanente, t\u00e9l\u00e9matique\navanc\u00e9e.\nTransport de marchandises ADR.\nFormation continue des conducteurs.\t\t\t\t\t\t<\/div>\n\t\t\t\t<\/div>\n\t\t\t\t<div class=\"elementor-element elementor-element-6d71be3 elementor-widget-divider--view-line elementor-widget elementor-widget-divider\" data-id=\"6d71be3\" data-element_type=\"widget\" data-widget_type=\"divider.default\">\n\t\t\t\t<div class=\"elementor-widget-container\">\n\t\t\t<style>\/*! elementor - v3.20.0 - 26-03-2024 *\/\n.elementor-widget-divider{--divider-border-style:none;--divider-border-width:1px;--divider-color:#0c0d0e;--divider-icon-size:20px;--divider-element-spacing:10px;--divider-pattern-height:24px;--divider-pattern-size:20px;--divider-pattern-url:none;--divider-pattern-repeat:repeat-x}.elementor-widget-divider .elementor-divider{display:flex}.elementor-widget-divider .elementor-divider__text{font-size:15px;line-height:1;max-width:95%}.elementor-widget-divider .elementor-divider__element{margin:0 var(--divider-element-spacing);flex-shrink:0}.elementor-widget-divider .elementor-icon{font-size:var(--divider-icon-size)}.elementor-widget-divider .elementor-divider-separator{display:flex;margin:0;direction:ltr}.elementor-widget-divider--view-line_icon .elementor-divider-separator,.elementor-widget-divider--view-line_text .elementor-divider-separator{align-items:center}.elementor-widget-divider--view-line_icon .elementor-divider-separator:after,.elementor-widget-divider--view-line_icon .elementor-divider-separator:before,.elementor-widget-divider--view-line_text .elementor-divider-separator:after,.elementor-widget-divider--view-line_text .elementor-divider-separator:before{display:block;content:\"\";border-block-end:0;flex-grow:1;border-block-start:var(--divider-border-width) var(--divider-border-style) var(--divider-color)}.elementor-widget-divider--element-align-left .elementor-divider .elementor-divider-separator>.elementor-divider__svg:first-of-type{flex-grow:0;flex-shrink:100}.elementor-widget-divider--element-align-left .elementor-divider-separator:before{content:none}.elementor-widget-divider--element-align-left .elementor-divider__element{margin-left:0}.elementor-widget-divider--element-align-right .elementor-divider .elementor-divider-separator>.elementor-divider__svg:last-of-type{flex-grow:0;flex-shrink:100}.elementor-widget-divider--element-align-right .elementor-divider-separator:after{content:none}.elementor-widget-divider--element-align-right .elementor-divider__element{margin-right:0}.elementor-widget-divider--element-align-start .elementor-divider .elementor-divider-separator>.elementor-divider__svg:first-of-type{flex-grow:0;flex-shrink:100}.elementor-widget-divider--element-align-start .elementor-divider-separator:before{content:none}.elementor-widget-divider--element-align-start .elementor-divider__element{margin-inline-start:0}.elementor-widget-divider--element-align-end .elementor-divider .elementor-divider-separator>.elementor-divider__svg:last-of-type{flex-grow:0;flex-shrink:100}.elementor-widget-divider--element-align-end .elementor-divider-separator:after{content:none}.elementor-widget-divider--element-align-end .elementor-divider__element{margin-inline-end:0}.elementor-widget-divider:not(.elementor-widget-divider--view-line_text):not(.elementor-widget-divider--view-line_icon) .elementor-divider-separator{border-block-start:var(--divider-border-width) var(--divider-border-style) var(--divider-color)}.elementor-widget-divider--separator-type-pattern{--divider-border-style:none}.elementor-widget-divider--separator-type-pattern.elementor-widget-divider--view-line .elementor-divider-separator,.elementor-widget-divider--separator-type-pattern:not(.elementor-widget-divider--view-line) .elementor-divider-separator:after,.elementor-widget-divider--separator-type-pattern:not(.elementor-widget-divider--view-line) .elementor-divider-separator:before,.elementor-widget-divider--separator-type-pattern:not([class*=elementor-widget-divider--view]) .elementor-divider-separator{width:100%;min-height:var(--divider-pattern-height);-webkit-mask-size:var(--divider-pattern-size) 100%;mask-size:var(--divider-pattern-size) 100%;-webkit-mask-repeat:var(--divider-pattern-repeat);mask-repeat:var(--divider-pattern-repeat);background-color:var(--divider-color);-webkit-mask-image:var(--divider-pattern-url);mask-image:var(--divider-pattern-url)}.elementor-widget-divider--no-spacing{--divider-pattern-size:auto}.elementor-widget-divider--bg-round{--divider-pattern-repeat:round}.rtl .elementor-widget-divider .elementor-divider__text{direction:rtl}.e-con-inner>.elementor-widget-divider,.e-con>.elementor-widget-divider{width:var(--container-widget-width,100%);--flex-grow:var(--container-widget-flex-grow)}<\/style>\t\t<div class=\"elementor-divider\">\n\t\t\t<span class=\"elementor-divider-separator\">\n\t\t\t\t\t\t<\/span>\n\t\t<\/div>\n\t\t\t\t<\/div>\n\t\t\t\t<\/div>\n\t\t\t\t<\/div>\n\t\t\t\t\t<\/div>\n\t\t\t\t<\/div>\n\t\t<div class=\"elementor-element elementor-element-4990dea e-flex e-con-boxed e-con e-parent\" data-id=\"4990dea\" data-element_type=\"container\" data-core-v316-plus=\"true\">\n\t\t\t\t\t<div class=\"e-con-inner\">\n\t\t\t\t<div class=\"elementor-element elementor-element-9a01a7c elementor-absolute elementor-widget elementor-widget-image\" data-id=\"9a01a7c\" data-element_type=\"widget\" data-settings=\"{&quot;_position&quot;:&quot;absolute&quot;}\" data-widget_type=\"image.default\">\n\t\t\t\t<div class=\"elementor-widget-container\">\n\t\t\t\t\t\t\t\t\t\t\t\t\t<img decoding=\"async\" width=\"800\" height=\"800\" src=\"https:\/\/hilltoplog.hu\/wp-content\/uploads\/2024\/04\/6-1024x1024.webp\" class=\"elementor-animation-bounce-in attachment-large size-large wp-image-386\" alt=\"\" srcset=\"https:\/\/hilltoplog.hu\/wp-content\/uploads\/2024\/04\/6-1024x1024.webp 1024w, https:\/\/hilltoplog.hu\/wp-content\/uploads\/2024\/04\/6-300x300.webp 300w, https:\/\/hilltoplog.hu\/wp-content\/uploads\/2024\/04\/6-150x150.webp 150w, https:\/\/hilltoplog.hu\/wp-content\/uploads\/2024\/04\/6-768x768.webp 768w, https:\/\/hilltoplog.hu\/wp-content\/uploads\/2024\/04\/6-1536x1536.webp 1536w, https:\/\/hilltoplog.hu\/wp-content\/uploads\/2024\/04\/6-2048x2048.webp 2048w\" sizes=\"(max-width: 800px) 100vw, 800px\" \/>\t\t\t\t\t\t\t\t\t\t\t\t\t<\/div>\n\t\t\t\t<\/div>\n\t\t\t\t\t<\/div>\n\t\t\t\t<\/div>\n\t\t<div class=\"elementor-element elementor-element-6c51811 e-flex e-con-boxed e-con e-parent\" data-id=\"6c51811\" data-element_type=\"container\" data-core-v316-plus=\"true\">\n\t\t\t\t\t<div class=\"e-con-inner\">\n\t\t\t\t<div class=\"elementor-element elementor-element-6cf0774 elementor-headline--style-rotate elementor-widget elementor-widget-animated-headline\" data-id=\"6cf0774\" data-element_type=\"widget\" data-settings=\"{&quot;headline_style&quot;:&quot;rotate&quot;,&quot;animation_type&quot;:&quot;flip&quot;,&quot;rotating_text&quot;:&quot;Telematikai szolg\\u00e1ltat\\u00f3 partner\\u00fcnk a Webeye,&quot;,&quot;loop&quot;:&quot;yes&quot;,&quot;rotate_iteration_delay&quot;:2500}\" data-widget_type=\"animated-headline.default\">\n\t\t\t\t<div class=\"elementor-widget-container\">\n\t\t\t<link rel=\"stylesheet\" href=\"https:\/\/hilltoplog.hu\/wp-content\/plugins\/elementor-pro\/assets\/css\/widget-animated-headline.min.css\">\t\t<h3 class=\"elementor-headline elementor-headline-animation-type-flip\">\n\t\t\t\t<span class=\"elementor-headline-dynamic-wrapper elementor-headline-text-wrapper\">\n\t\t\t\t\t<span class=\"elementor-headline-dynamic-text elementor-headline-text-active\">\n\t\t\t\tNotre partenaire en mati\u00e8re de services t\u00e9l\u00e9matiques est Webeye\t\t\t<\/span>\n\t\t\t\t\t\t<\/span>\n\t\t\t\t\t<span class=\"elementor-headline-plain-text elementor-headline-text-wrapper\"> qui permet \u00e0 nos collaborateurs et \u00e0 nos clients disposant d'un acc\u00e8s appropri\u00e9 de suivre \u00e0 tout moment l'itin\u00e9raire des exp\u00e9ditions, en fournissant des informations pr\u00e9cises sur l'emplacement et l'arriv\u00e9e pr\u00e9vue de nos camions.<\/span>\n\t\t\t\t\t<\/h3>\n\t\t\t\t<\/div>\n\t\t\t\t<\/div>\n\t\t\t\t\t<\/div>\n\t\t\t\t<\/div>\n\t\t<div class=\"elementor-element elementor-element-79ee3f2 e-flex e-con-boxed elementor-invisible e-con e-parent\" data-id=\"79ee3f2\" data-element_type=\"container\" data-settings=\"{&quot;animation&quot;:&quot;fadeInLeft&quot;,&quot;background_background&quot;:&quot;classic&quot;}\" data-core-v316-plus=\"true\">\n\t\t\t\t\t<div class=\"e-con-inner\">\n\t\t<div class=\"elementor-element elementor-element-cd2a5f2 e-con-full e-flex e-con e-child\" data-id=\"cd2a5f2\" data-element_type=\"container\">\n\t\t\t\t<div class=\"elementor-element elementor-element-bc3b37c elementor-headline--style-rotate elementor-widget elementor-widget-animated-headline\" data-id=\"bc3b37c\" data-element_type=\"widget\" data-settings=\"{&quot;headline_style&quot;:&quot;rotate&quot;,&quot;animation_type&quot;:&quot;flip&quot;,&quot;rotating_text&quot;:&quot;sz\\u00e1ll\\u00edtm\\u00e1nyok id\\u0151kapura t\\u00f6rt\\u00e9n\\u0151 \\u00e9rkez\\u00e9s\\u00e9re, &quot;,&quot;loop&quot;:&quot;yes&quot;,&quot;rotate_iteration_delay&quot;:2500}\" data-widget_type=\"animated-headline.default\">\n\t\t\t\t<div class=\"elementor-widget-container\">\n\t\t\t\t\t<h3 class=\"elementor-headline elementor-headline-animation-type-flip\">\n\t\t\t\t\t<span class=\"elementor-headline-plain-text elementor-headline-text-wrapper\">Nous accordons une attention particuli\u00e8re <\/span>\n\t\t\t\t<span class=\"elementor-headline-dynamic-wrapper elementor-headline-text-wrapper\">\n\t\t\t\t\t<span class=\"elementor-headline-dynamic-text elementor-headline-text-active\">\n\t\t\t\t\u00e0 l'arriv\u00e9e des exp\u00e9ditions dans le cr\u00e9neau horaire fix\u00e9&nbsp;\t\t\t<\/span>\n\t\t\t\t\t\t<\/span>\n\t\t\t\t\t<span class=\"elementor-headline-plain-text elementor-headline-text-wrapper\">, l'accomplissement de ces t\u00e2ches de transport est notre sp\u00e9cialit\u00e9.<\/span>\n\t\t\t\t\t<\/h3>\n\t\t\t\t<\/div>\n\t\t\t\t<\/div>\n\t\t\t\t<div class=\"elementor-element elementor-element-61f87b9 elementor-widget-divider--view-line elementor-widget elementor-widget-divider\" data-id=\"61f87b9\" data-element_type=\"widget\" data-widget_type=\"divider.default\">\n\t\t\t\t<div class=\"elementor-widget-container\">\n\t\t\t\t\t<div class=\"elementor-divider\">\n\t\t\t<span class=\"elementor-divider-separator\">\n\t\t\t\t\t\t<\/span>\n\t\t<\/div>\n\t\t\t\t<\/div>\n\t\t\t\t<\/div>\n\t\t\t\t<\/div>\n\t\t<div class=\"elementor-element elementor-element-2f61be8 e-con-full e-flex e-con e-child\" data-id=\"2f61be8\" data-element_type=\"container\">\n\t\t\t\t<div class=\"elementor-element elementor-element-73c23c4 elementor-widget elementor-widget-image\" data-id=\"73c23c4\" data-element_type=\"widget\" data-widget_type=\"image.default\">\n\t\t\t\t<div class=\"elementor-widget-container\">\n\t\t\t\t\t\t\t\t\t\t\t\t\t<img decoding=\"async\" width=\"300\" height=\"200\" src=\"https:\/\/hilltoplog.hu\/wp-content\/uploads\/2024\/04\/hilltop_kamion2-300x200.webp\" class=\"attachment-medium size-medium wp-image-369\" alt=\"\" srcset=\"https:\/\/hilltoplog.hu\/wp-content\/uploads\/2024\/04\/hilltop_kamion2-300x200.webp 300w, https:\/\/hilltoplog.hu\/wp-content\/uploads\/2024\/04\/hilltop_kamion2-1024x683.webp 1024w, https:\/\/hilltoplog.hu\/wp-content\/uploads\/2024\/04\/hilltop_kamion2-768x512.webp 768w, https:\/\/hilltoplog.hu\/wp-content\/uploads\/2024\/04\/hilltop_kamion2-1536x1024.webp 1536w, https:\/\/hilltoplog.hu\/wp-content\/uploads\/2024\/04\/hilltop_kamion2-2048x1365.webp 2048w\" sizes=\"(max-width: 300px) 100vw, 300px\" \/>\t\t\t\t\t\t\t\t\t\t\t\t\t<\/div>\n\t\t\t\t<\/div>\n\t\t\t\t<\/div>\n\t\t\t\t\t<\/div>\n\t\t\t\t<\/div>\n\t\t<div class=\"elementor-element elementor-element-9347da9 e-flex e-con-boxed e-con e-parent\" data-id=\"9347da9\" data-element_type=\"container\" data-settings=\"{&quot;background_background&quot;:&quot;classic&quot;}\" data-core-v316-plus=\"true\">\n\t\t\t\t\t<div class=\"e-con-inner\">\n\t\t<div class=\"elementor-element elementor-element-98673c5 e-flex e-con-boxed e-con e-child\" data-id=\"98673c5\" data-element_type=\"container\">\n\t\t\t\t\t<div class=\"e-con-inner\">\n\t\t\t\t<div class=\"elementor-element elementor-element-e42a3bd elementor-widget elementor-widget-heading\" data-id=\"e42a3bd\" data-element_type=\"widget\" data-widget_type=\"heading.default\">\n\t\t\t\t<div class=\"elementor-widget-container\">\n\t\t\t<h2 class=\"elementor-heading-title elementor-size-default\">Nous attendons vos demandes, notamment pour r\u00e9soudre vos t\u00e2ches probl\u00e9matiques! <\/h2>\t\t<\/div>\n\t\t\t\t<\/div>\n\t\t\t\t<div class=\"elementor-element elementor-element-9a1cedc elementor-align-center elementor-invisible elementor-widget elementor-widget-button\" data-id=\"9a1cedc\" data-element_type=\"widget\" data-settings=\"{&quot;_animation&quot;:&quot;bounceIn&quot;}\" data-widget_type=\"button.default\">\n\t\t\t\t<div class=\"elementor-widget-container\">\n\t\t\t\t\t<div class=\"elementor-button-wrapper\">\n\t\t\t<a class=\"elementor-button elementor-button-link elementor-size-sm\" href=\"https:\/\/hilltoplog.hu\/fr\/kapcsolat\/\">\n\t\t\t\t\t\t<span class=\"elementor-button-content-wrapper\">\n\t\t\t\t\t\t<span class=\"elementor-button-text\">C\nO\nN\nT\nA\nC\nT<\/span>\n\t\t<\/span>\n\t\t\t\t\t<\/a>\n\t\t<\/div>\n\t\t\t\t<\/div>\n\t\t\t\t<\/div>\n\t\t\t\t\t<\/div>\n\t\t\t\t<\/div>\n\t\t\t\t\t<\/div>\n\t\t\t\t<\/div>\n\t\t<div class=\"elementor-element elementor-element-66ec5ec e-flex e-con-boxed e-con e-parent\" data-id=\"66ec5ec\" data-element_type=\"container\" data-core-v316-plus=\"true\">\n\t\t\t\t\t<div class=\"e-con-inner\">\n\t\t\t\t<div class=\"elementor-element elementor-element-9a2c8d3 elementor-widget-divider--view-line elementor-widget elementor-widget-divider\" data-id=\"9a2c8d3\" data-element_type=\"widget\" data-widget_type=\"divider.default\">\n\t\t\t\t<div class=\"elementor-widget-container\">\n\t\t\t\t\t<div class=\"elementor-divider\">\n\t\t\t<span class=\"elementor-divider-separator\">\n\t\t\t\t\t\t<\/span>\n\t\t<\/div>\n\t\t\t\t<\/div>\n\t\t\t\t<\/div>\n\t\t<div class=\"elementor-element elementor-element-7247ad1 e-grid e-con-boxed e-con e-child\" data-id=\"7247ad1\" data-element_type=\"container\">\n\t\t\t\t\t<div class=\"e-con-inner\">\n\t\t\t\t<div class=\"elementor-element elementor-element-c487645 elementor-widget elementor-widget-image\" data-id=\"c487645\" data-element_type=\"widget\" data-widget_type=\"image.default\">\n\t\t\t\t<div class=\"elementor-widget-container\">\n\t\t\t\t\t\t\t\t\t\t\t\t\t<img loading=\"lazy\" decoding=\"async\" width=\"575\" height=\"479\" src=\"https:\/\/hilltoplog.hu\/wp-content\/uploads\/2024\/04\/hilltop_iso.jpg\" class=\"attachment-full size-full wp-image-518\" alt=\"\" srcset=\"https:\/\/hilltoplog.hu\/wp-content\/uploads\/2024\/04\/hilltop_iso.jpg 575w, https:\/\/hilltoplog.hu\/wp-content\/uploads\/2024\/04\/hilltop_iso-300x250.jpg 300w\" sizes=\"(max-width: 575px) 100vw, 575px\" \/>\t\t\t\t\t\t\t\t\t\t\t\t\t<\/div>\n\t\t\t\t<\/div>\n\t\t\t\t<div class=\"elementor-element elementor-element-318ccb0 elementor-widget elementor-widget-image\" data-id=\"318ccb0\" data-element_type=\"widget\" data-widget_type=\"image.default\">\n\t\t\t\t<div class=\"elementor-widget-container\">\n\t\t\t\t\t\t\t\t\t\t\t\t\t<img loading=\"lazy\" decoding=\"async\" width=\"1660\" height=\"1057\" src=\"https:\/\/hilltoplog.hu\/wp-content\/uploads\/2025\/01\/IFS-logo.jpg\" class=\"attachment-full size-full wp-image-1187\" alt=\"\" srcset=\"https:\/\/hilltoplog.hu\/wp-content\/uploads\/2025\/01\/IFS-logo.jpg 1660w, https:\/\/hilltoplog.hu\/wp-content\/uploads\/2025\/01\/IFS-logo-300x191.jpg 300w, https:\/\/hilltoplog.hu\/wp-content\/uploads\/2025\/01\/IFS-logo-1024x652.jpg 1024w, https:\/\/hilltoplog.hu\/wp-content\/uploads\/2025\/01\/IFS-logo-768x489.jpg 768w, https:\/\/hilltoplog.hu\/wp-content\/uploads\/2025\/01\/IFS-logo-1536x978.jpg 1536w, https:\/\/hilltoplog.hu\/wp-content\/uploads\/2025\/01\/IFS-logo-18x12.jpg 18w\" sizes=\"(max-width: 1660px) 100vw, 1660px\" \/>\t\t\t\t\t\t\t\t\t\t\t\t\t<\/div>\n\t\t\t\t<\/div>\n\t\t\t\t<div class=\"elementor-element elementor-element-d065124 elementor-widget elementor-widget-image\" data-id=\"d065124\" data-element_type=\"widget\" data-widget_type=\"image.default\">\n\t\t\t\t<div class=\"elementor-widget-container\">\n\t\t\t\t\t\t\t\t\t\t\t\t\t<img loading=\"lazy\" decoding=\"async\" width=\"1024\" height=\"683\" src=\"https:\/\/hilltoplog.hu\/wp-content\/uploads\/2024\/12\/TAPA-TSR-LOGO.png\" class=\"attachment-full size-full wp-image-1129\" alt=\"\" srcset=\"https:\/\/hilltoplog.hu\/wp-content\/uploads\/2024\/12\/TAPA-TSR-LOGO.png 1024w, https:\/\/hilltoplog.hu\/wp-content\/uploads\/2024\/12\/TAPA-TSR-LOGO-300x200.png 300w, https:\/\/hilltoplog.hu\/wp-content\/uploads\/2024\/12\/TAPA-TSR-LOGO-768x512.png 768w, https:\/\/hilltoplog.hu\/wp-content\/uploads\/2024\/12\/TAPA-TSR-LOGO-18x12.png 18w\" sizes=\"(max-width: 1024px) 100vw, 1024px\" \/>\t\t\t\t\t\t\t\t\t\t\t\t\t<\/div>\n\t\t\t\t<\/div>\n\t\t\t\t\t<\/div>\n\t\t\t\t<\/div>\n\t\t\t\t<div class=\"elementor-element elementor-element-d18e346 elementor-widget-divider--view-line elementor-widget elementor-widget-divider\" data-id=\"d18e346\" data-element_type=\"widget\" data-widget_type=\"divider.default\">\n\t\t\t\t<div class=\"elementor-widget-container\">\n\t\t\t\t\t<div class=\"elementor-divider\">\n\t\t\t<span class=\"elementor-divider-separator\">\n\t\t\t\t\t\t<\/span>\n\t\t<\/div>\n\t\t\t\t<\/div>\n\t\t\t\t<\/div>\n\t\t\t\t\t<\/div>\n\t\t\t\t<\/div>\n\t\t\t\t<\/div>","protected":false},"excerpt":{"rendered":"<p>J\u00e1rm\u0171flotta A flott\u00e1nk \u00e1tlag\u00e9letkora 2 \u00e9v, amely mag\u00e1ban foglalja a ponyv\u00e1s (65%) \u00e9s h\u0171t\u0151s (35%) kamionokat. Ezek a j\u00e1rm\u0171vek rendelkeznek \u201eDouble-deck\u201d\u2013 duplaszintes rakt\u00e9rrel, amelyek 66 pal kapacit\u00e1st biztos\u00edtanak, valamint h\u00e1ts\u00f3 emel\u0151h\u00e1tfallal \u00e9s vir\u00e1gsz\u00e9les fel\u00e9p\u00edtm\u00e9nnyel rendelkeznek. Modern h\u0171t\u0151- \u00e9s f\u0171t\u0151berendez\u00e9sekkel vannak felszerelve, amelyek -18\u00b0C-t\u00f3l 24\u00b0C-ig k\u00e9pesek tartani a h\u0151m\u00e9rs\u00e9kletet. Minden j\u00e1rm\u0171 \u00e1lland\u00f3 GPS fel\u00fcgyelet alatt \u00e1ll, [&hellip;]<\/p>","protected":false},"author":1,"featured_media":0,"parent":0,"menu_order":0,"comment_status":"closed","ping_status":"closed","template":"elementor_header_footer","meta":{"footnotes":""},"class_list":["post-98","page","type-page","status-publish","hentry"],"_links":{"self":[{"href":"https:\/\/hilltoplog.hu\/fr\/wp-json\/wp\/v2\/pages\/98","targetHints":{"allow":["GET"]}}],"collection":[{"href":"https:\/\/hilltoplog.hu\/fr\/wp-json\/wp\/v2\/pages"}],"about":[{"href":"https:\/\/hilltoplog.hu\/fr\/wp-json\/wp\/v2\/types\/page"}],"author":[{"embeddable":true,"href":"https:\/\/hilltoplog.hu\/fr\/wp-json\/wp\/v2\/users\/1"}],"replies":[{"embeddable":true,"href":"https:\/\/hilltoplog.hu\/fr\/wp-json\/wp\/v2\/comments?post=98"}],"version-history":[{"count":89,"href":"https:\/\/hilltoplog.hu\/fr\/wp-json\/wp\/v2\/pages\/98\/revisions"}],"predecessor-version":[{"id":1199,"href":"https:\/\/hilltoplog.hu\/fr\/wp-json\/wp\/v2\/pages\/98\/revisions\/1199"}],"wp:attachment":[{"href":"https:\/\/hilltoplog.hu\/fr\/wp-json\/wp\/v2\/media?parent=98"}],"curies":[{"name":"wp","href":"https:\/\/api.w.org\/{rel}","templated":true}]}}