{"id":1222,"date":"2026-04-21T13:02:30","date_gmt":"2026-04-21T11:02:30","guid":{"rendered":"https:\/\/hilltoplog.hu\/?page_id=1222"},"modified":"2026-04-22T13:26:24","modified_gmt":"2026-04-22T11:26:24","slug":"nemzetkozi-gepjarmuvezetoket-keresunk","status":"publish","type":"page","link":"https:\/\/hilltoplog.hu\/fr\/nemzetkozi-gepjarmuvezetoket-keresunk\/","title":{"rendered":"Nemzetk\u00f6zi g\u00e9pj\u00e1rm\u0171vezet\u0151ket keres\u00fcnk"},"content":{"rendered":"<div data-elementor-type=\"wp-page\" data-elementor-id=\"1222\" class=\"elementor elementor-1222\" data-elementor-post-type=\"page\">\n\t\t\t\t<div class=\"elementor-element elementor-element-d551cc6 e-flex e-con-boxed e-con e-parent\" data-id=\"d551cc6\" data-element_type=\"container\" data-settings=\"{&quot;background_background&quot;:&quot;classic&quot;,&quot;shape_divider_bottom&quot;:&quot;triangle-asymmetrical&quot;,&quot;shape_divider_bottom_negative&quot;:&quot;yes&quot;}\" data-core-v316-plus=\"true\">\n\t\t\t\t\t<div class=\"e-con-inner\">\n\t\t\t\t<div class=\"elementor-shape elementor-shape-bottom\" data-negative=\"true\">\n\t\t\t<svg xmlns=\"http:\/\/www.w3.org\/2000\/svg\" viewbox=\"0 0 1000 100\" preserveaspectratio=\"none\">\n\t<path class=\"elementor-shape-fill\" d=\"M737.9,94.7L0,0v100h1000V0L737.9,94.7z\"\/>\n<\/svg>\t\t<\/div>\n\t\t\t\t<div class=\"elementor-element elementor-element-511e3c3 elementor-widget elementor-widget-heading\" data-id=\"511e3c3\" data-element_type=\"widget\" data-widget_type=\"heading.default\">\n\t\t\t\t<div class=\"elementor-widget-container\">\n\t\t\t<style>\/*! elementor - v3.20.0 - 26-03-2024 *\/\n.elementor-heading-title{padding:0;margin:0;line-height:1}.elementor-widget-heading .elementor-heading-title[class*=elementor-size-]>a{color:inherit;font-size:inherit;line-height:inherit}.elementor-widget-heading .elementor-heading-title.elementor-size-small{font-size:15px}.elementor-widget-heading .elementor-heading-title.elementor-size-medium{font-size:19px}.elementor-widget-heading .elementor-heading-title.elementor-size-large{font-size:29px}.elementor-widget-heading .elementor-heading-title.elementor-size-xl{font-size:39px}.elementor-widget-heading .elementor-heading-title.elementor-size-xxl{font-size:59px}<\/style><h1 class=\"elementor-heading-title elementor-size-default\">Nemzetk\u00f6zi g\u00e9pj\u00e1rm\u0171vezet\u0151ket keres\u00fcnk<\/h1>\t\t<\/div>\n\t\t\t\t<\/div>\n\t\t\t\t\t<\/div>\n\t\t\t\t<\/div>\n\t\t<div class=\"elementor-element elementor-element-9e43adb e-flex e-con-boxed e-con e-parent\" data-id=\"9e43adb\" data-element_type=\"container\" data-core-v316-plus=\"true\">\n\t\t\t\t\t<div class=\"e-con-inner\">\n\t\t\t\t<div class=\"elementor-element elementor-element-05f6d86 elementor-button-align-stretch elementor-widget elementor-widget-form\" data-id=\"05f6d86\" data-element_type=\"widget\" data-settings=\"{&quot;step_next_label&quot;:&quot;K\\u00f6vetkez\\u0151&quot;,&quot;step_previous_label&quot;:&quot;El\\u0151z\\u0151&quot;,&quot;button_width&quot;:&quot;100&quot;,&quot;step_type&quot;:&quot;number_text&quot;,&quot;step_icon_shape&quot;:&quot;circle&quot;}\" data-widget_type=\"form.default\">\n\t\t\t\t<div class=\"elementor-widget-container\">\n\t\t\t<style>\/*! elementor-pro - v3.19.0 - 05-02-2024 *\/\n.elementor-button.elementor-hidden,.elementor-hidden{display:none}.e-form__step{width:100%}.e-form__step:not(.elementor-hidden){display:flex;flex-wrap:wrap}.e-form__buttons{flex-wrap:wrap}.e-form__buttons,.e-form__buttons__wrapper{display:flex}.e-form__indicators{display:flex;justify-content:space-between;align-items:center;flex-wrap:nowrap;font-size:13px;margin-bottom:var(--e-form-steps-indicators-spacing)}.e-form__indicators__indicator{display:flex;flex-direction:column;align-items:center;justify-content:center;flex-basis:0;padding:0 var(--e-form-steps-divider-gap)}.e-form__indicators__indicator__progress{width:100%;position:relative;background-color:var(--e-form-steps-indicator-progress-background-color);border-radius:var(--e-form-steps-indicator-progress-border-radius);overflow:hidden}.e-form__indicators__indicator__progress__meter{width:var(--e-form-steps-indicator-progress-meter-width,0);height:var(--e-form-steps-indicator-progress-height);line-height:var(--e-form-steps-indicator-progress-height);padding-right:15px;border-radius:var(--e-form-steps-indicator-progress-border-radius);background-color:var(--e-form-steps-indicator-progress-color);color:var(--e-form-steps-indicator-progress-meter-color);text-align:right;transition:width .1s linear}.e-form__indicators__indicator:first-child{padding-left:0}.e-form__indicators__indicator:last-child{padding-right:0}.e-form__indicators__indicator--state-inactive{color:var(--e-form-steps-indicator-inactive-primary-color,#c2cbd2)}.e-form__indicators__indicator--state-inactive [class*=indicator--shape-]:not(.e-form__indicators__indicator--shape-none){background-color:var(--e-form-steps-indicator-inactive-secondary-color,#fff)}.e-form__indicators__indicator--state-inactive object,.e-form__indicators__indicator--state-inactive svg{fill:var(--e-form-steps-indicator-inactive-primary-color,#c2cbd2)}.e-form__indicators__indicator--state-active{color:var(--e-form-steps-indicator-active-primary-color,#39b54a);border-color:var(--e-form-steps-indicator-active-secondary-color,#fff)}.e-form__indicators__indicator--state-active [class*=indicator--shape-]:not(.e-form__indicators__indicator--shape-none){background-color:var(--e-form-steps-indicator-active-secondary-color,#fff)}.e-form__indicators__indicator--state-active object,.e-form__indicators__indicator--state-active svg{fill:var(--e-form-steps-indicator-active-primary-color,#39b54a)}.e-form__indicators__indicator--state-completed{color:var(--e-form-steps-indicator-completed-secondary-color,#fff)}.e-form__indicators__indicator--state-completed [class*=indicator--shape-]:not(.e-form__indicators__indicator--shape-none){background-color:var(--e-form-steps-indicator-completed-primary-color,#39b54a)}.e-form__indicators__indicator--state-completed .e-form__indicators__indicator__label{color:var(--e-form-steps-indicator-completed-primary-color,#39b54a)}.e-form__indicators__indicator--state-completed .e-form__indicators__indicator--shape-none{color:var(--e-form-steps-indicator-completed-primary-color,#39b54a);background-color:initial}.e-form__indicators__indicator--state-completed object,.e-form__indicators__indicator--state-completed svg{fill:var(--e-form-steps-indicator-completed-secondary-color,#fff)}.e-form__indicators__indicator__icon{width:var(--e-form-steps-indicator-padding,30px);height:var(--e-form-steps-indicator-padding,30px);font-size:var(--e-form-steps-indicator-icon-size);border-width:1px;border-style:solid;display:flex;justify-content:center;align-items:center;overflow:hidden;margin-bottom:10px}.e-form__indicators__indicator__icon img,.e-form__indicators__indicator__icon object,.e-form__indicators__indicator__icon svg{width:var(--e-form-steps-indicator-icon-size);height:auto}.e-form__indicators__indicator__icon .e-font-icon-svg{height:1em}.e-form__indicators__indicator__number{width:var(--e-form-steps-indicator-padding,30px);height:var(--e-form-steps-indicator-padding,30px);border-width:1px;border-style:solid;display:flex;justify-content:center;align-items:center;margin-bottom:10px}.e-form__indicators__indicator--shape-circle{border-radius:50%}.e-form__indicators__indicator--shape-square{border-radius:0}.e-form__indicators__indicator--shape-rounded{border-radius:5px}.e-form__indicators__indicator--shape-none{border:0}.e-form__indicators__indicator__label{text-align:center}.e-form__indicators__indicator__separator{width:100%;height:var(--e-form-steps-divider-width);background-color:#babfc5}.e-form__indicators--type-icon,.e-form__indicators--type-icon_text,.e-form__indicators--type-number,.e-form__indicators--type-number_text{align-items:flex-start}.e-form__indicators--type-icon .e-form__indicators__indicator__separator,.e-form__indicators--type-icon_text .e-form__indicators__indicator__separator,.e-form__indicators--type-number .e-form__indicators__indicator__separator,.e-form__indicators--type-number_text .e-form__indicators__indicator__separator{margin-top:calc(var(--e-form-steps-indicator-padding, 30px) \/ 2 - var(--e-form-steps-divider-width, 1px) \/ 2)}.elementor-field-type-hidden{display:none}.elementor-field-type-html{display:inline-block}.elementor-field-type-tel input{direction:inherit}.elementor-login .elementor-lost-password,.elementor-login .elementor-remember-me{font-size:.85em}.elementor-field-type-recaptcha_v3 .elementor-field-label{display:none}.elementor-field-type-recaptcha_v3 .grecaptcha-badge{z-index:1}.elementor-button .elementor-form-spinner{order:3}.elementor-form .elementor-button>span{display:flex;justify-content:center;align-items:center}.elementor-form .elementor-button .elementor-button-text{white-space:normal;flex-grow:0}.elementor-form .elementor-button svg{height:auto}.elementor-form .elementor-button .e-font-icon-svg{height:1em}.elementor-select-wrapper .select-caret-down-wrapper{position:absolute;top:50%;transform:translateY(-50%);inset-inline-end:10px;pointer-events:none;font-size:11px}.elementor-select-wrapper .select-caret-down-wrapper svg{display:unset;width:1em;aspect-ratio:unset;fill:currentColor}.elementor-select-wrapper .select-caret-down-wrapper i{font-size:19px;line-height:2}.elementor-select-wrapper.remove-before:before{content:\"\"!important}<\/style>\t\t<form class=\"elementor-form\" method=\"post\" name=\"\u00daj \u0171rlap\" action=\"\">\n\t\t\t<input type=\"hidden\" name=\"post_id\" value=\"1222\"\/>\n\t\t\t<input type=\"hidden\" name=\"form_id\" value=\"05f6d86\"\/>\n\t\t\t<input type=\"hidden\" name=\"referer_title\" value=\"\" \/>\n\n\t\t\t\n\t\t\t<div class=\"elementor-form-fields-wrapper elementor-labels-above\">\n\t\t\t\t\t\t\t\t<div class=\"elementor-field-type-text elementor-field-group elementor-column elementor-field-group-name elementor-col-50\">\n\t\t\t\t\t\t\t\t\t\t\t\t<label for=\"form-field-name\" class=\"elementor-field-label\">\n\t\t\t\t\t\t\t\tNom\t\t\t\t\t\t\t<\/label>\n\t\t\t\t\t\t\t\t\t\t\t\t\t\t<input size=\"1\" type=\"text\" name=\"form_fields[name]\" id=\"form-field-name\" class=\"elementor-field elementor-size-sm  elementor-field-textual\">\n\t\t\t\t\t\t\t\t\t\t\t<\/div>\n\t\t\t\t\t\t\t\t<div class=\"elementor-field-type-email elementor-field-group elementor-column elementor-field-group-email elementor-col-50 elementor-field-required\">\n\t\t\t\t\t\t\t\t\t\t\t\t<label for=\"form-field-email\" class=\"elementor-field-label\">\n\t\t\t\t\t\t\t\tEmail\t\t\t\t\t\t\t<\/label>\n\t\t\t\t\t\t\t\t\t\t\t\t\t\t<input size=\"1\" type=\"email\" name=\"form_fields[email]\" id=\"form-field-email\" class=\"elementor-field elementor-size-sm  elementor-field-textual\" required=\"required\" aria-required=\"true\">\n\t\t\t\t\t\t\t\t\t\t\t<\/div>\n\t\t\t\t\t\t\t\t<div class=\"elementor-field-type-tel elementor-field-group elementor-column elementor-field-group-field_7466b37 elementor-col-50 elementor-field-required\">\n\t\t\t\t\t\t\t\t\t\t\t\t<label for=\"form-field-field_7466b37\" class=\"elementor-field-label\">\n\t\t\t\t\t\t\t\tNum\u00e9ro de t\u00e9l\u00e9phone\t\t\t\t\t\t\t<\/label>\n\t\t\t\t\t\t\t\t<input size=\"1\" type=\"tel\" name=\"form_fields[field_7466b37]\" id=\"form-field-field_7466b37\" class=\"elementor-field elementor-size-sm  elementor-field-textual\" required=\"required\" aria-required=\"true\" pattern=\"[0-9()#&amp;+*-=.]+\" title=\"Only numbers and phone characters (#, -, *, etc) are accepted.\">\n\n\t\t\t\t\t\t<\/div>\n\t\t\t\t\t\t\t\t<div class=\"elementor-field-type-text elementor-field-group elementor-column elementor-field-group-field_203fb7b elementor-col-50 elementor-field-required\">\n\t\t\t\t\t\t\t\t\t\t\t\t<label for=\"form-field-field_203fb7b\" class=\"elementor-field-label\">\n\t\t\t\t\t\t\t\tTelep\u00fcl\u00e9s\t\t\t\t\t\t\t<\/label>\n\t\t\t\t\t\t\t\t\t\t\t\t\t\t<input size=\"1\" type=\"text\" name=\"form_fields[field_203fb7b]\" id=\"form-field-field_203fb7b\" class=\"elementor-field elementor-size-sm  elementor-field-textual\" required=\"required\" aria-required=\"true\">\n\t\t\t\t\t\t\t\t\t\t\t<\/div>\n\t\t\t\t\t\t\t\t<div class=\"elementor-field-type-select elementor-field-group elementor-column elementor-field-group-field_726d5a8 elementor-col-100 elementor-field-required\">\n\t\t\t\t\t\t\t\t\t\t\t\t<label for=\"form-field-field_726d5a8\" class=\"elementor-field-label\">\n\t\t\t\t\t\t\t\tMilyen munk\u00e1ra jelentkezel?\t\t\t\t\t\t\t<\/label>\n\t\t\t\t\t\t\t\t<div class=\"elementor-field elementor-select-wrapper remove-before\">\n\t\t\t<div class=\"select-caret-down-wrapper\">\n\t\t\t\t<svg aria-hidden=\"true\" class=\"e-font-icon-svg e-eicon-caret-down\" viewbox=\"0 0 571.4 571.4\" xmlns=\"http:\/\/www.w3.org\/2000\/svg\"><path d=\"M571 393Q571 407 561 418L311 668Q300 679 286 679T261 668L11 418Q0 407 0 393T11 368 36 357H536Q550 357 561 368T571 393Z\"><\/path><\/svg>\t\t\t<\/div>\n\t\t\t<select name=\"form_fields[field_726d5a8]\" id=\"form-field-field_726d5a8\" class=\"elementor-field-textual elementor-size-sm\" required=\"required\" aria-required=\"true\">\n\t\t\t\t\t\t\t\t\t<option value=\"K\u00e9rj\u00fck, v\u00e1lassz!\">K\u00e9rj\u00fck, v\u00e1lassz!<\/option>\n\t\t\t\t\t\t\t\t\t<option value=\"Ponyv\u00e1s munk\u00e1ra jelentkezem\">Ponyv\u00e1s munk\u00e1ra jelentkezem<\/option>\n\t\t\t\t\t\t\t\t\t<option value=\"H\u0171t\u0151s munk\u00e1ra jelentkezem\">H\u0171t\u0151s munk\u00e1ra jelentkezem<\/option>\n\t\t\t\t\t\t\t<\/select>\n\t\t<\/div>\n\t\t\t\t\t\t<\/div>\n\t\t\t\t\t\t\t\t<div class=\"elementor-field-type-select elementor-field-group elementor-column elementor-field-group-field_4b5a85f elementor-col-100 elementor-field-required\">\n\t\t\t\t\t\t\t\t\t\t\t\t<label for=\"form-field-field_4b5a85f\" class=\"elementor-field-label\">\n\t\t\t\t\t\t\t\tC+E jogos\u00edtv\u00e1nyod is van?\t\t\t\t\t\t\t<\/label>\n\t\t\t\t\t\t\t\t<div class=\"elementor-field elementor-select-wrapper remove-before\">\n\t\t\t<div class=\"select-caret-down-wrapper\">\n\t\t\t\t<svg aria-hidden=\"true\" class=\"e-font-icon-svg e-eicon-caret-down\" viewbox=\"0 0 571.4 571.4\" xmlns=\"http:\/\/www.w3.org\/2000\/svg\"><path d=\"M571 393Q571 407 561 418L311 668Q300 679 286 679T261 668L11 418Q0 407 0 393T11 368 36 357H536Q550 357 561 368T571 393Z\"><\/path><\/svg>\t\t\t<\/div>\n\t\t\t<select name=\"form_fields[field_4b5a85f]\" id=\"form-field-field_4b5a85f\" class=\"elementor-field-textual elementor-size-sm\" required=\"required\" aria-required=\"true\">\n\t\t\t\t\t\t\t\t\t<option value=\"K\u00e9rj\u00fck, v\u00e1lassz!\">K\u00e9rj\u00fck, v\u00e1lassz!<\/option>\n\t\t\t\t\t\t\t\t\t<option value=\"Igen, van mindkett\u0151\">Igen, van mindkett\u0151<\/option>\n\t\t\t\t\t\t\t\t\t<option value=\"Csak C van\">Csak C van<\/option>\n\t\t\t\t\t\t\t\t\t<option value=\"Csak E van\">Csak E van<\/option>\n\t\t\t\t\t\t\t<\/select>\n\t\t<\/div>\n\t\t\t\t\t\t<\/div>\n\t\t\t\t\t\t\t\t<div class=\"elementor-field-type-select elementor-field-group elementor-column elementor-field-group-field_2fee629 elementor-col-100 elementor-field-required\">\n\t\t\t\t\t\t\t\t\t\t\t\t<label for=\"form-field-field_2fee629\" class=\"elementor-field-label\">\n\t\t\t\t\t\t\t\tG\u00e9pj\u00e1rm\u0171vezet\u0151i k\u00e9pes\u00edt\u00e9si igazolv\u00e1nnyal rendelkezel?\t\t\t\t\t\t\t<\/label>\n\t\t\t\t\t\t\t\t<div class=\"elementor-field elementor-select-wrapper remove-before\">\n\t\t\t<div class=\"select-caret-down-wrapper\">\n\t\t\t\t<svg aria-hidden=\"true\" class=\"e-font-icon-svg e-eicon-caret-down\" viewbox=\"0 0 571.4 571.4\" xmlns=\"http:\/\/www.w3.org\/2000\/svg\"><path d=\"M571 393Q571 407 561 418L311 668Q300 679 286 679T261 668L11 418Q0 407 0 393T11 368 36 357H536Q550 357 561 368T571 393Z\"><\/path><\/svg>\t\t\t<\/div>\n\t\t\t<select name=\"form_fields[field_2fee629]\" id=\"form-field-field_2fee629\" class=\"elementor-field-textual elementor-size-sm\" required=\"required\" aria-required=\"true\">\n\t\t\t\t\t\t\t\t\t<option value=\"K\u00e9rj\u00fck, v\u00e1lassz!\">K\u00e9rj\u00fck, v\u00e1lassz!<\/option>\n\t\t\t\t\t\t\t\t\t<option value=\"Igen\">Igen<\/option>\n\t\t\t\t\t\t\t\t\t<option value=\"Nem\">Nem<\/option>\n\t\t\t\t\t\t\t<\/select>\n\t\t<\/div>\n\t\t\t\t\t\t<\/div>\n\t\t\t\t\t\t\t\t<div class=\"elementor-field-type-select elementor-field-group elementor-column elementor-field-group-field_5793168 elementor-col-100 elementor-field-required\">\n\t\t\t\t\t\t\t\t\t\t\t\t<label for=\"form-field-field_5793168\" class=\"elementor-field-label\">\n\t\t\t\t\t\t\t\tADR vizsg\u00e1val rendelkezel?\t\t\t\t\t\t\t<\/label>\n\t\t\t\t\t\t\t\t<div class=\"elementor-field elementor-select-wrapper remove-before\">\n\t\t\t<div class=\"select-caret-down-wrapper\">\n\t\t\t\t<svg aria-hidden=\"true\" class=\"e-font-icon-svg e-eicon-caret-down\" viewbox=\"0 0 571.4 571.4\" xmlns=\"http:\/\/www.w3.org\/2000\/svg\"><path d=\"M571 393Q571 407 561 418L311 668Q300 679 286 679T261 668L11 418Q0 407 0 393T11 368 36 357H536Q550 357 561 368T571 393Z\"><\/path><\/svg>\t\t\t<\/div>\n\t\t\t<select name=\"form_fields[field_5793168]\" id=\"form-field-field_5793168\" class=\"elementor-field-textual elementor-size-sm\" required=\"required\" aria-required=\"true\">\n\t\t\t\t\t\t\t\t\t<option value=\"K\u00e9rj\u00fck, v\u00e1lassz!\">K\u00e9rj\u00fck, v\u00e1lassz!<\/option>\n\t\t\t\t\t\t\t\t\t<option value=\"Igen\">Igen<\/option>\n\t\t\t\t\t\t\t\t\t<option value=\"Nem\">Nem<\/option>\n\t\t\t\t\t\t\t<\/select>\n\t\t<\/div>\n\t\t\t\t\t\t<\/div>\n\t\t\t\t\t\t\t\t<div class=\"elementor-field-type-select elementor-field-group elementor-column elementor-field-group-field_b9a9d8f elementor-col-100 elementor-field-required\">\n\t\t\t\t\t\t\t\t\t\t\t\t<label for=\"form-field-field_b9a9d8f\" class=\"elementor-field-label\">\n\t\t\t\t\t\t\t\tNemzetk\u00f6zi tapasztalattal rendelkezel?\t\t\t\t\t\t\t<\/label>\n\t\t\t\t\t\t\t\t<div class=\"elementor-field elementor-select-wrapper remove-before\">\n\t\t\t<div class=\"select-caret-down-wrapper\">\n\t\t\t\t<svg aria-hidden=\"true\" class=\"e-font-icon-svg e-eicon-caret-down\" viewbox=\"0 0 571.4 571.4\" xmlns=\"http:\/\/www.w3.org\/2000\/svg\"><path d=\"M571 393Q571 407 561 418L311 668Q300 679 286 679T261 668L11 418Q0 407 0 393T11 368 36 357H536Q550 357 561 368T571 393Z\"><\/path><\/svg>\t\t\t<\/div>\n\t\t\t<select name=\"form_fields[field_b9a9d8f]\" id=\"form-field-field_b9a9d8f\" class=\"elementor-field-textual elementor-size-sm\" required=\"required\" aria-required=\"true\">\n\t\t\t\t\t\t\t\t\t<option value=\"K\u00e9rj\u00fck, v\u00e1lassz!\">K\u00e9rj\u00fck, v\u00e1lassz!<\/option>\n\t\t\t\t\t\t\t\t\t<option value=\"Igen\">Igen<\/option>\n\t\t\t\t\t\t\t\t\t<option value=\"Nem\">Nem<\/option>\n\t\t\t\t\t\t\t<\/select>\n\t\t<\/div>\n\t\t\t\t\t\t<\/div>\n\t\t\t\t\t\t\t\t<div class=\"elementor-field-group elementor-column elementor-field-type-submit elementor-col-100 e-form__buttons\">\n\t\t\t\t\t<button type=\"submit\" class=\"elementor-button elementor-size-sm\">\n\t\t\t\t\t\t<span >\n\t\t\t\t\t\t\t\t\t\t\t\t\t\t\t<span class=\"elementor-button-icon\">\n\t\t\t\t\t\t\t\t\t\t\t\t\t\t\t\t\t\t\t\t\t\t\t\t\t\t<\/span>\n\t\t\t\t\t\t\t\t\t\t\t\t\t\t\t\t\t\t\t\t\t\t<span class=\"elementor-button-text\">Envoi<\/span>\n\t\t\t\t\t\t\t\t\t\t\t\t\t<\/span>\n\t\t\t\t\t<\/button>\n\t\t\t\t<\/div>\n\t\t\t<\/div>\n\t\t<input type=\"hidden\" name=\"trp-form-language\" value=\"fr\"\/><\/form>\n\t\t\t\t<\/div>\n\t\t\t\t<\/div>\n\t\t\t\t<div class=\"elementor-element elementor-element-5dd7b6a elementor-widget elementor-widget-text-editor\" data-id=\"5dd7b6a\" data-element_type=\"widget\" data-widget_type=\"text-editor.default\">\n\t\t\t\t<div class=\"elementor-widget-container\">\n\t\t\t<style>\/*! elementor - v3.20.0 - 26-03-2024 *\/\n.elementor-widget-text-editor.elementor-drop-cap-view-stacked .elementor-drop-cap{background-color:#69727d;color:#fff}.elementor-widget-text-editor.elementor-drop-cap-view-framed .elementor-drop-cap{color:#69727d;border:3px solid;background-color:transparent}.elementor-widget-text-editor:not(.elementor-drop-cap-view-default) .elementor-drop-cap{margin-top:8px}.elementor-widget-text-editor:not(.elementor-drop-cap-view-default) .elementor-drop-cap-letter{width:1em;height:1em}.elementor-widget-text-editor .elementor-drop-cap{float:left;text-align:center;line-height:1;font-size:50px}.elementor-widget-text-editor .elementor-drop-cap-letter{display:inline-block}<\/style>\t\t\t\t<p>Amennyiben szeretn\u00e9l egy t\u00f6bb, mint 25 \u00e9ve stabilan m\u0171k\u00f6d\u0151 c\u00e9g csapat\u00e1hoz tartozni, \u00fagy v\u00e1runk T\u00e9ged flott\u00e1nkba!<\/p><p><strong>Akit keres\u00fcnk:<\/strong><\/p><ul><li>Nemzetk\u00f6zi g\u00e9pj\u00e1rm\u0171vezet\u0151, kocsigazd\u00e1s munkak\u00f6rbe.<\/li><li>H\u0171t\u0151s \u00e9s ponyv\u00e1s g\u00e9pj\u00e1rm\u0171vezet\u0151k jelentkez\u00e9s\u00e9t is v\u00e1rjuk.<\/li><li>L\u00e9gy pontos, \u00f6nmagadra \u00e9s munkaeszk\u00f6z\u00f6dre is ig\u00e9nyes, korrekt munk\u00e1t v\u00e9gz\u0151 csapattag!<\/li><\/ul><p><strong>Elv\u00e1r\u00e1sok:<\/strong><\/p><ul><li>C+E kateg\u00f3ri\u00e1s jogos\u00edtv\u00e1ny<\/li><li>GKI<\/li><li>K\u00fcldem\u00e9nydarabos ADR igazolv\u00e1ny (az ADR igazolv\u00e1ny hi\u00e1nya nem z\u00e1rja ki a munka megkezd\u00e9s\u00e9t, de sz\u00fcks\u00e9ges a miel\u0151bbi megszerz\u00e9se)<\/li><li>Digit\u00e1lis tachogr\u00e1f k\u00e1rtya<\/li><\/ul><p><strong>El\u0151nyt jelent:<\/strong><\/p><ul><li>Nemzetk\u00f6zi \u00e9s belf\u00f6ldes fuvaroz\u00e1sban megszerzett munkatapasztalat<\/li><\/ul><p><strong>Amit k\u00edn\u00e1lunk:<\/strong><\/p><ul><li>Kiemelked\u0151en korrekt munkakapcsolat<\/li><li>Tervezhet\u0151 id\u0151beoszt\u00e1s<\/li><li>V\u00e1laszthat\u00f3 munkarend az AETR szab\u00e1lyai szerint<\/li><li>B\u00e9rez\u00e9s: 42.000 Ft \/ nap- kamionban t\u00f6lt\u00f6tt napok alapj\u00e1n<\/li><li>Kocsigazda rendszer<\/li><li>Megl\u00e9v\u0151 koll\u00e9g\u00e1inkkal, g\u00e9pj\u00e1rm\u0171vezet\u0151inkkel hossz\u00fa \u00e9vek \u00f3ta dolgozunk egy\u00fctt, \u00edgy az \u00fajonnan \u00e9rkez\u0151kkel is \u00edgy tervez\u00fcnk!<\/li><li>Korrekt elsz\u00e1mol\u00e1s \u00e9s javadalmaz\u00e1s<\/li><li>Modern eszk\u00f6z\u00f6k, karbantartott j\u00e1rm\u0171\u00e1llom\u00e1ny<\/li><li>Ig\u00e9ny szerint el\u0151re l\u00e9p\u00e9si lehet\u0151s\u00e9g is biztos\u00edtott<\/li><\/ul><p><strong>Flotta:<\/strong><\/p><ul><li>2026-os Scania S500<\/li><li>2025-\u00f6s Scania S460<\/li><li>2024-es Scania S500<\/li><li>2023-as Scania R450<\/li><li>2025-\u00f6s DAF XG 480<\/li><li>2024-es DAF XG 480<\/li><li>2023-as DAF XG 480<\/li><li>2023-as Volvo VTC3T<\/li><li>2022-es Volvo FX 500<\/li><li>2022-es Renault<\/li><li>K\u00f6gel, Krone, Lamberet \u00e9s Schmitz p\u00f3tkocsik<\/li><\/ul><p><strong>Telephely:<\/strong><\/p><p>2131 G\u00f6d<\/p><p><strong>Egy\u00e9b inform\u00e1ci\u00f3:<\/strong><\/p><ul><li>Kalandorok, alapb\u00f3l mindennel el\u00e9gedetlenked\u0151k, 5 nap munk\u00e1val milli\u00f3kat keresni akar\u00f3k k\u00e9rj\u00fck pr\u00f3b\u00e1lkozzatok m\u00e1shol!<\/li><li>Ha viszont j\u00f3 kocsikkal, j\u00f3 helyen, nyugodt k\u00f6r\u00fclm\u00e9nyek k\u00f6z\u00f6tt, hossz\u00fa t\u00e1von szeretn\u00e9l dolgozni, itt a helyed!<\/li><\/ul>\t\t\t\t\t\t<\/div>\n\t\t\t\t<\/div>\n\t\t\t\t\t<\/div>\n\t\t\t\t<\/div>\n\t\t\t\t<\/div>","protected":false},"excerpt":{"rendered":"<p>Amennyiben szeretn\u00e9l egy t\u00f6bb, mint 25 \u00e9ve stabilan m\u0171k\u00f6d\u0151 c\u00e9g csapat\u00e1hoz tartozni, \u00fagy v\u00e1runk T\u00e9ged flott\u00e1nkba! Akit keres\u00fcnk: Nemzetk\u00f6zi g\u00e9pj\u00e1rm\u0171vezet\u0151, kocsigazd\u00e1s munkak\u00f6rbe. H\u0171t\u0151s \u00e9s ponyv\u00e1s g\u00e9pj\u00e1rm\u0171vezet\u0151k jelentkez\u00e9s\u00e9t is v\u00e1rjuk. L\u00e9gy pontos, \u00f6nmagadra \u00e9s munkaeszk\u00f6z\u00f6dre is ig\u00e9nyes, korrekt munk\u00e1t v\u00e9gz\u0151 csapattag! Elv\u00e1r\u00e1sok: C+E kateg\u00f3ri\u00e1s jogos\u00edtv\u00e1ny GKI K\u00fcldem\u00e9nydarabos ADR igazolv\u00e1ny (az ADR igazolv\u00e1ny hi\u00e1nya nem z\u00e1rja ki [&hellip;]<\/p>","protected":false},"author":1,"featured_media":0,"parent":0,"menu_order":0,"comment_status":"closed","ping_status":"closed","template":"elementor_header_footer","meta":{"footnotes":""},"class_list":["post-1222","page","type-page","status-publish","hentry"],"_links":{"self":[{"href":"https:\/\/hilltoplog.hu\/fr\/wp-json\/wp\/v2\/pages\/1222","targetHints":{"allow":["GET"]}}],"collection":[{"href":"https:\/\/hilltoplog.hu\/fr\/wp-json\/wp\/v2\/pages"}],"about":[{"href":"https:\/\/hilltoplog.hu\/fr\/wp-json\/wp\/v2\/types\/page"}],"author":[{"embeddable":true,"href":"https:\/\/hilltoplog.hu\/fr\/wp-json\/wp\/v2\/users\/1"}],"replies":[{"embeddable":true,"href":"https:\/\/hilltoplog.hu\/fr\/wp-json\/wp\/v2\/comments?post=1222"}],"version-history":[{"count":22,"href":"https:\/\/hilltoplog.hu\/fr\/wp-json\/wp\/v2\/pages\/1222\/revisions"}],"predecessor-version":[{"id":1245,"href":"https:\/\/hilltoplog.hu\/fr\/wp-json\/wp\/v2\/pages\/1222\/revisions\/1245"}],"wp:attachment":[{"href":"https:\/\/hilltoplog.hu\/fr\/wp-json\/wp\/v2\/media?parent=1222"}],"curies":[{"name":"wp","href":"https:\/\/api.w.org\/{rel}","templated":true}]}}