{"id":755,"date":"2024-04-19T10:55:02","date_gmt":"2024-04-19T08:55:02","guid":{"rendered":"https:\/\/uj2.hilltoplog.hu\/?page_id=755"},"modified":"2024-05-14T12:35:10","modified_gmt":"2024-05-14T10:35:10","slug":"kompjegy-ertekesites","status":"publish","type":"page","link":"https:\/\/hilltoplog.hu\/en\/kompjegy-ertekesites\/","title":{"rendered":"FERRY BOOKING"},"content":{"rendered":"<div data-elementor-type=\"wp-page\" data-elementor-id=\"755\" class=\"elementor elementor-755\" data-elementor-post-type=\"page\">\n\t\t\t\t<div class=\"elementor-element elementor-element-b3a36a8 e-flex e-con-boxed e-con e-parent\" data-id=\"b3a36a8\" data-element_type=\"container\" data-settings=\"{&quot;background_background&quot;:&quot;classic&quot;,&quot;shape_divider_bottom&quot;:&quot;triangle-asymmetrical&quot;,&quot;shape_divider_bottom_negative&quot;:&quot;yes&quot;}\" data-core-v316-plus=\"true\">\n\t\t\t\t\t<div class=\"e-con-inner\">\n\t\t\t\t<div class=\"elementor-shape elementor-shape-bottom\" data-negative=\"true\">\n\t\t\t<svg xmlns=\"http:\/\/www.w3.org\/2000\/svg\" viewbox=\"0 0 1000 100\" preserveaspectratio=\"none\">\n\t<path class=\"elementor-shape-fill\" d=\"M737.9,94.7L0,0v100h1000V0L737.9,94.7z\"\/>\n<\/svg>\t\t<\/div>\n\t\t\t\t<div class=\"elementor-element elementor-element-fc3eb16 elementor-widget elementor-widget-heading\" data-id=\"fc3eb16\" data-element_type=\"widget\" data-widget_type=\"heading.default\">\n\t\t\t\t<div class=\"elementor-widget-container\">\n\t\t\t<style>\/*! elementor - v3.20.0 - 26-03-2024 *\/\n.elementor-heading-title{padding:0;margin:0;line-height:1}.elementor-widget-heading .elementor-heading-title[class*=elementor-size-]>a{color:inherit;font-size:inherit;line-height:inherit}.elementor-widget-heading .elementor-heading-title.elementor-size-small{font-size:15px}.elementor-widget-heading .elementor-heading-title.elementor-size-medium{font-size:19px}.elementor-widget-heading .elementor-heading-title.elementor-size-large{font-size:29px}.elementor-widget-heading .elementor-heading-title.elementor-size-xl{font-size:39px}.elementor-widget-heading .elementor-heading-title.elementor-size-xxl{font-size:59px}<\/style><h1 class=\"elementor-heading-title elementor-size-default\">FERRY BOOKING<\/h1>\t\t<\/div>\n\t\t\t\t<\/div>\n\t\t\t\t\t<\/div>\n\t\t\t\t<\/div>\n\t\t<div class=\"elementor-element elementor-element-69fabae e-flex e-con-boxed elementor-invisible e-con e-parent\" data-id=\"69fabae\" data-element_type=\"container\" data-settings=\"{&quot;animation&quot;:&quot;fadeIn&quot;}\" data-core-v316-plus=\"true\">\n\t\t\t\t\t<div class=\"e-con-inner\">\n\t\t\t\t<div class=\"elementor-element elementor-element-1d5ae5f elementor-widget elementor-widget-text-editor\" data-id=\"1d5ae5f\" data-element_type=\"widget\" data-widget_type=\"text-editor.default\">\n\t\t\t\t<div class=\"elementor-widget-container\">\n\t\t\t<style>\/*! elementor - v3.20.0 - 26-03-2024 *\/\n.elementor-widget-text-editor.elementor-drop-cap-view-stacked .elementor-drop-cap{background-color:#69727d;color:#fff}.elementor-widget-text-editor.elementor-drop-cap-view-framed .elementor-drop-cap{color:#69727d;border:3px solid;background-color:transparent}.elementor-widget-text-editor:not(.elementor-drop-cap-view-default) .elementor-drop-cap{margin-top:8px}.elementor-widget-text-editor:not(.elementor-drop-cap-view-default) .elementor-drop-cap-letter{width:1em;height:1em}.elementor-widget-text-editor .elementor-drop-cap{float:left;text-align:center;line-height:1;font-size:50px}.elementor-widget-text-editor .elementor-drop-cap-letter{display:inline-block}<\/style>\t\t\t\t<p>Since the beginning, our priority\nbusiness has been the distribution of\nferry tickets for trucks\nWe have been contracted agents\nwith the largest shipping companies\nfor years\nWe can provide offers for sea\ncrossings from almost every\nEuropean port<\/p>\t\t\t\t\t\t<\/div>\n\t\t\t\t<\/div>\n\t\t\t\t<div class=\"elementor-element elementor-element-7a6d4a1 elementor-headline--style-highlight elementor-widget elementor-widget-animated-headline\" data-id=\"7a6d4a1\" data-element_type=\"widget\" data-settings=\"{&quot;highlighted_text&quot;:&quot;online foglal\\u00e1si lehet\\u0151s\\u00e9get&quot;,&quot;marker&quot;:&quot;underline&quot;,&quot;headline_style&quot;:&quot;highlight&quot;,&quot;loop&quot;:&quot;yes&quot;,&quot;highlight_animation_duration&quot;:1200,&quot;highlight_iteration_delay&quot;:8000}\" data-widget_type=\"animated-headline.default\">\n\t\t\t\t<div class=\"elementor-widget-container translation-block\"><span class=\"elementor-headline-plain-text elementor-headline-text-wrapper\">In addition <\/span>\n\t\t\t\t<span class=\"elementor-headline-dynamic-wrapper elementor-headline-text-wrapper\">\n\t\t\t\t\t<span class=\"elementor-headline-dynamic-text elementor-headline-text-active\">we offer our contracted customers an online booking option <\/span>\n\t\t\t\t<\/span>\n\t\t\t\t\t<span class=\"elementor-headline-plain-text elementor-headline-text-wrapper\">to arrange their trips more conveniently.<\/span><\/div>\n\t\t\t\t<\/div>\n\t\t\t\t<div class=\"elementor-element elementor-element-06bb254 elementor-widget elementor-widget-text-editor\" data-id=\"06bb254\" data-element_type=\"widget\" data-widget_type=\"text-editor.default\">\n\t\t\t\t<div class=\"elementor-widget-container\">\n\t\t\t\t\t\t\t<p>To register, please contact us at <a href=\"mailto:komp@hilltoplog.hu\">komp@hilltoplog.hu<\/a> e-mail adress.<\/p>\t\t\t\t\t\t<\/div>\n\t\t\t\t<\/div>\n\t\t<div class=\"elementor-element elementor-element-fa809e6 e-grid e-con-boxed e-con e-child\" data-id=\"fa809e6\" data-element_type=\"container\">\n\t\t\t\t\t<div class=\"e-con-inner\">\n\t\t\t\t<div class=\"elementor-element elementor-element-7ada03e elementor-invisible elementor-widget elementor-widget-image\" data-id=\"7ada03e\" data-element_type=\"widget\" data-settings=\"{&quot;_animation&quot;:&quot;fadeIn&quot;}\" data-widget_type=\"image.default\">\n\t\t\t\t<div class=\"elementor-widget-container\">\n\t\t\t<style>\/*! elementor - v3.20.0 - 26-03-2024 *\/\n.elementor-widget-image{text-align:center}.elementor-widget-image a{display:inline-block}.elementor-widget-image a img[src$=\".svg\"]{width:48px}.elementor-widget-image img{vertical-align:middle;display:inline-block}<\/style>\t\t\t\t\t\t\t\t\t\t<img fetchpriority=\"high\" decoding=\"async\" width=\"1080\" height=\"1080\" src=\"https:\/\/hilltoplog.hu\/wp-content\/uploads\/2024\/04\/hilltop-dfds.png\" class=\"attachment-full size-full wp-image-767\" alt=\"\" srcset=\"https:\/\/hilltoplog.hu\/wp-content\/uploads\/2024\/04\/hilltop-dfds.png 1080w, https:\/\/hilltoplog.hu\/wp-content\/uploads\/2024\/04\/hilltop-dfds-300x300.png 300w, https:\/\/hilltoplog.hu\/wp-content\/uploads\/2024\/04\/hilltop-dfds-1024x1024.png 1024w, https:\/\/hilltoplog.hu\/wp-content\/uploads\/2024\/04\/hilltop-dfds-150x150.png 150w, https:\/\/hilltoplog.hu\/wp-content\/uploads\/2024\/04\/hilltop-dfds-768x768.png 768w\" sizes=\"(max-width: 1080px) 100vw, 1080px\" \/>\t\t\t\t\t\t\t\t\t\t\t\t\t<\/div>\n\t\t\t\t<\/div>\n\t\t\t\t<div class=\"elementor-element elementor-element-6d44848 elementor-invisible elementor-widget elementor-widget-image\" data-id=\"6d44848\" data-element_type=\"widget\" data-settings=\"{&quot;_animation&quot;:&quot;fadeIn&quot;}\" data-widget_type=\"image.default\">\n\t\t\t\t<div class=\"elementor-widget-container\">\n\t\t\t\t\t\t\t\t\t\t\t\t\t<img decoding=\"async\" width=\"1080\" height=\"1080\" src=\"https:\/\/hilltoplog.hu\/wp-content\/uploads\/2024\/04\/hilltop-eurotunnel.png\" class=\"attachment-full size-full wp-image-769\" alt=\"\" srcset=\"https:\/\/hilltoplog.hu\/wp-content\/uploads\/2024\/04\/hilltop-eurotunnel.png 1080w, https:\/\/hilltoplog.hu\/wp-content\/uploads\/2024\/04\/hilltop-eurotunnel-300x300.png 300w, https:\/\/hilltoplog.hu\/wp-content\/uploads\/2024\/04\/hilltop-eurotunnel-1024x1024.png 1024w, https:\/\/hilltoplog.hu\/wp-content\/uploads\/2024\/04\/hilltop-eurotunnel-150x150.png 150w, https:\/\/hilltoplog.hu\/wp-content\/uploads\/2024\/04\/hilltop-eurotunnel-768x768.png 768w\" sizes=\"(max-width: 1080px) 100vw, 1080px\" \/>\t\t\t\t\t\t\t\t\t\t\t\t\t<\/div>\n\t\t\t\t<\/div>\n\t\t\t\t<div class=\"elementor-element elementor-element-42db8fa elementor-invisible elementor-widget elementor-widget-image\" data-id=\"42db8fa\" data-element_type=\"widget\" data-settings=\"{&quot;_animation&quot;:&quot;fadeIn&quot;}\" data-widget_type=\"image.default\">\n\t\t\t\t<div class=\"elementor-widget-container\">\n\t\t\t\t\t\t\t\t\t\t\t\t\t<img decoding=\"async\" width=\"1080\" height=\"1080\" src=\"https:\/\/hilltoplog.hu\/wp-content\/uploads\/2024\/04\/hilltop-eckeroline.png\" class=\"attachment-full size-full wp-image-768\" alt=\"\" srcset=\"https:\/\/hilltoplog.hu\/wp-content\/uploads\/2024\/04\/hilltop-eckeroline.png 1080w, https:\/\/hilltoplog.hu\/wp-content\/uploads\/2024\/04\/hilltop-eckeroline-300x300.png 300w, https:\/\/hilltoplog.hu\/wp-content\/uploads\/2024\/04\/hilltop-eckeroline-1024x1024.png 1024w, https:\/\/hilltoplog.hu\/wp-content\/uploads\/2024\/04\/hilltop-eckeroline-150x150.png 150w, https:\/\/hilltoplog.hu\/wp-content\/uploads\/2024\/04\/hilltop-eckeroline-768x768.png 768w\" sizes=\"(max-width: 1080px) 100vw, 1080px\" \/>\t\t\t\t\t\t\t\t\t\t\t\t\t<\/div>\n\t\t\t\t<\/div>\n\t\t\t\t<div class=\"elementor-element elementor-element-03e1be4 elementor-invisible elementor-widget elementor-widget-image\" data-id=\"03e1be4\" data-element_type=\"widget\" data-settings=\"{&quot;_animation&quot;:&quot;fadeIn&quot;}\" data-widget_type=\"image.default\">\n\t\t\t\t<div class=\"elementor-widget-container\">\n\t\t\t\t\t\t\t\t\t\t\t\t\t<img loading=\"lazy\" decoding=\"async\" width=\"1080\" height=\"1080\" src=\"https:\/\/hilltoplog.hu\/wp-content\/uploads\/2024\/04\/hilltop-scandlines.png\" class=\"attachment-full size-full wp-image-770\" alt=\"\" srcset=\"https:\/\/hilltoplog.hu\/wp-content\/uploads\/2024\/04\/hilltop-scandlines.png 1080w, https:\/\/hilltoplog.hu\/wp-content\/uploads\/2024\/04\/hilltop-scandlines-300x300.png 300w, https:\/\/hilltoplog.hu\/wp-content\/uploads\/2024\/04\/hilltop-scandlines-1024x1024.png 1024w, https:\/\/hilltoplog.hu\/wp-content\/uploads\/2024\/04\/hilltop-scandlines-150x150.png 150w, https:\/\/hilltoplog.hu\/wp-content\/uploads\/2024\/04\/hilltop-scandlines-768x768.png 768w\" sizes=\"(max-width: 1080px) 100vw, 1080px\" \/>\t\t\t\t\t\t\t\t\t\t\t\t\t<\/div>\n\t\t\t\t<\/div>\n\t\t\t\t<div class=\"elementor-element elementor-element-191621d elementor-invisible elementor-widget elementor-widget-image\" data-id=\"191621d\" data-element_type=\"widget\" data-settings=\"{&quot;_animation&quot;:&quot;fadeIn&quot;}\" data-widget_type=\"image.default\">\n\t\t\t\t<div class=\"elementor-widget-container\">\n\t\t\t\t\t\t\t\t\t\t\t\t\t<img loading=\"lazy\" decoding=\"async\" width=\"1080\" height=\"1080\" src=\"https:\/\/hilltoplog.hu\/wp-content\/uploads\/2024\/04\/hilltop-tallink.png\" class=\"attachment-full size-full wp-image-771\" alt=\"\" srcset=\"https:\/\/hilltoplog.hu\/wp-content\/uploads\/2024\/04\/hilltop-tallink.png 1080w, https:\/\/hilltoplog.hu\/wp-content\/uploads\/2024\/04\/hilltop-tallink-300x300.png 300w, https:\/\/hilltoplog.hu\/wp-content\/uploads\/2024\/04\/hilltop-tallink-1024x1024.png 1024w, https:\/\/hilltoplog.hu\/wp-content\/uploads\/2024\/04\/hilltop-tallink-150x150.png 150w, https:\/\/hilltoplog.hu\/wp-content\/uploads\/2024\/04\/hilltop-tallink-768x768.png 768w\" sizes=\"(max-width: 1080px) 100vw, 1080px\" \/>\t\t\t\t\t\t\t\t\t\t\t\t\t<\/div>\n\t\t\t\t<\/div>\n\t\t\t\t<div class=\"elementor-element elementor-element-84d8c89 elementor-invisible elementor-widget elementor-widget-image\" data-id=\"84d8c89\" data-element_type=\"widget\" data-settings=\"{&quot;_animation&quot;:&quot;fadeIn&quot;}\" data-widget_type=\"image.default\">\n\t\t\t\t<div class=\"elementor-widget-container\">\n\t\t\t\t\t\t\t\t\t\t\t\t\t<img loading=\"lazy\" decoding=\"async\" width=\"1080\" height=\"1080\" src=\"https:\/\/hilltoplog.hu\/wp-content\/uploads\/2024\/04\/hilltop-ttline.png\" class=\"attachment-full size-full wp-image-772\" alt=\"\" srcset=\"https:\/\/hilltoplog.hu\/wp-content\/uploads\/2024\/04\/hilltop-ttline.png 1080w, https:\/\/hilltoplog.hu\/wp-content\/uploads\/2024\/04\/hilltop-ttline-300x300.png 300w, https:\/\/hilltoplog.hu\/wp-content\/uploads\/2024\/04\/hilltop-ttline-1024x1024.png 1024w, https:\/\/hilltoplog.hu\/wp-content\/uploads\/2024\/04\/hilltop-ttline-150x150.png 150w, https:\/\/hilltoplog.hu\/wp-content\/uploads\/2024\/04\/hilltop-ttline-768x768.png 768w\" sizes=\"(max-width: 1080px) 100vw, 1080px\" \/>\t\t\t\t\t\t\t\t\t\t\t\t\t<\/div>\n\t\t\t\t<\/div>\n\t\t\t\t\t<\/div>\n\t\t\t\t<\/div>\n\t\t\t\t\t<\/div>\n\t\t\t\t<\/div>\n\t\t\t\t<\/div>","protected":false},"excerpt":{"rendered":"<p>Kompjegy \u00e9rt\u00e9kes\u00edt\u00e9s A kezdetekt\u0151l fogva kiemelt \u00fczlet\u00e1gunk a kompjegyek forgalmaz\u00e1sa teherg\u00e9pj\u00e1rm\u0171vek r\u00e9sz\u00e9re. \u00c9vek \u00f3ta szerz\u0151d\u00f6tt \u00fcgyn\u00f6kei vagyunk a legnagyobb haj\u00f3st\u00e1rsas\u00e1goknak, \u00edgy szinte minden eur\u00f3pai kik\u00f6t\u0151b\u0151l tudunk aj\u00e1nlatot adni tengeri \u00e1tkel\u00e9sre. Emellett online foglal\u00e1si lehet\u0151s\u00e9get is biztos\u00edtunk szerz\u0151d\u00f6tt \u00fcgyfeleinknek, hogy m\u00e9g k\u00e9nyelmesebben int\u00e9zhess\u00e9k utaz\u00e1saikat. A regisztr\u00e1ci\u00f3val kapcsolatban vegye fel vel\u00fcnk a kapcsolatot a komp@hilltoplog.hu email c\u00edmen.<\/p>","protected":false},"author":1,"featured_media":0,"parent":0,"menu_order":0,"comment_status":"closed","ping_status":"closed","template":"elementor_header_footer","meta":{"footnotes":""},"class_list":["post-755","page","type-page","status-publish","hentry"],"_links":{"self":[{"href":"https:\/\/hilltoplog.hu\/en\/wp-json\/wp\/v2\/pages\/755","targetHints":{"allow":["GET"]}}],"collection":[{"href":"https:\/\/hilltoplog.hu\/en\/wp-json\/wp\/v2\/pages"}],"about":[{"href":"https:\/\/hilltoplog.hu\/en\/wp-json\/wp\/v2\/types\/page"}],"author":[{"embeddable":true,"href":"https:\/\/hilltoplog.hu\/en\/wp-json\/wp\/v2\/users\/1"}],"replies":[{"embeddable":true,"href":"https:\/\/hilltoplog.hu\/en\/wp-json\/wp\/v2\/comments?post=755"}],"version-history":[{"count":34,"href":"https:\/\/hilltoplog.hu\/en\/wp-json\/wp\/v2\/pages\/755\/revisions"}],"predecessor-version":[{"id":1024,"href":"https:\/\/hilltoplog.hu\/en\/wp-json\/wp\/v2\/pages\/755\/revisions\/1024"}],"wp:attachment":[{"href":"https:\/\/hilltoplog.hu\/en\/wp-json\/wp\/v2\/media?parent=755"}],"curies":[{"name":"wp","href":"https:\/\/api.w.org\/{rel}","templated":true}]}}