{"id":573,"date":"2024-04-15T14:34:20","date_gmt":"2024-04-15T12:34:20","guid":{"rendered":"https:\/\/uj2.hilltoplog.hu\/?page_id=573"},"modified":"2024-04-15T14:37:52","modified_gmt":"2024-04-15T12:37:52","slug":"jogi-nyilatkozat","status":"publish","type":"page","link":"https:\/\/hilltoplog.hu\/en\/jogi-nyilatkozat\/","title":{"rendered":"Disclaimer"},"content":{"rendered":"<div data-elementor-type=\"wp-page\" data-elementor-id=\"573\" class=\"elementor elementor-573\" data-elementor-post-type=\"page\">\n\t\t\t\t<div class=\"elementor-element elementor-element-054738d e-con-full e-flex e-con e-parent\" data-id=\"054738d\" data-element_type=\"container\" data-core-v316-plus=\"true\">\n\t\t<div class=\"elementor-element elementor-element-cb12430 e-con-full e-flex e-con e-child\" data-id=\"cb12430\" data-element_type=\"container\">\n\t\t<div class=\"elementor-element elementor-element-8af9781 e-flex e-con-boxed e-con e-child\" data-id=\"8af9781\" data-element_type=\"container\" data-settings=\"{&quot;background_background&quot;:&quot;classic&quot;,&quot;shape_divider_bottom&quot;:&quot;triangle-asymmetrical&quot;,&quot;shape_divider_bottom_negative&quot;:&quot;yes&quot;}\">\n\t\t\t\t\t<div class=\"e-con-inner\">\n\t\t\t\t<div class=\"elementor-shape elementor-shape-bottom\" data-negative=\"true\">\n\t\t\t<svg xmlns=\"http:\/\/www.w3.org\/2000\/svg\" viewbox=\"0 0 1000 100\" preserveaspectratio=\"none\">\n\t<path class=\"elementor-shape-fill\" d=\"M737.9,94.7L0,0v100h1000V0L737.9,94.7z\"\/>\n<\/svg>\t\t<\/div>\n\t\t\t\t<div class=\"elementor-element elementor-element-ce6e211 elementor-widget elementor-widget-heading\" data-id=\"ce6e211\" data-element_type=\"widget\" data-widget_type=\"heading.default\">\n\t\t\t\t<div class=\"elementor-widget-container\">\n\t\t\t<style>\/*! elementor - v3.20.0 - 26-03-2024 *\/\n.elementor-heading-title{padding:0;margin:0;line-height:1}.elementor-widget-heading .elementor-heading-title[class*=elementor-size-]>a{color:inherit;font-size:inherit;line-height:inherit}.elementor-widget-heading .elementor-heading-title.elementor-size-small{font-size:15px}.elementor-widget-heading .elementor-heading-title.elementor-size-medium{font-size:19px}.elementor-widget-heading .elementor-heading-title.elementor-size-large{font-size:29px}.elementor-widget-heading .elementor-heading-title.elementor-size-xl{font-size:39px}.elementor-widget-heading .elementor-heading-title.elementor-size-xxl{font-size:59px}<\/style><h2 class=\"elementor-heading-title elementor-size-default\">Disclaimer<\/h2>\t\t<\/div>\n\t\t\t\t<\/div>\n\t\t\t\t\t<\/div>\n\t\t\t\t<\/div>\n\t\t\t\t<\/div>\n\t\t\t\t<\/div>\n\t\t<div class=\"elementor-element elementor-element-79b7311 e-flex e-con-boxed e-con e-parent\" data-id=\"79b7311\" data-element_type=\"container\" data-core-v316-plus=\"true\">\n\t\t\t\t\t<div class=\"e-con-inner\">\n\t\t\t\t<div class=\"elementor-element elementor-element-3e3da67 elementor-widget elementor-widget-text-editor\" data-id=\"3e3da67\" data-element_type=\"widget\" data-widget_type=\"text-editor.default\">\n\t\t\t\t<div class=\"elementor-widget-container\">\n\t\t\t<style>\/*! elementor - v3.20.0 - 26-03-2024 *\/\n.elementor-widget-text-editor.elementor-drop-cap-view-stacked .elementor-drop-cap{background-color:#69727d;color:#fff}.elementor-widget-text-editor.elementor-drop-cap-view-framed .elementor-drop-cap{color:#69727d;border:3px solid;background-color:transparent}.elementor-widget-text-editor:not(.elementor-drop-cap-view-default) .elementor-drop-cap{margin-top:8px}.elementor-widget-text-editor:not(.elementor-drop-cap-view-default) .elementor-drop-cap-letter{width:1em;height:1em}.elementor-widget-text-editor .elementor-drop-cap{float:left;text-align:center;line-height:1;font-size:50px}.elementor-widget-text-editor .elementor-drop-cap-letter{display:inline-block}<\/style>\t\t\t\t<p><strong>S\u00fctik haszn\u00e1lata:<\/strong><\/p><p>Az anonim l\u00e1togat\u00f3azonos\u00edt\u00f3 (cookie, s\u00fcti) egy olyan egyedi \u2013 azonos\u00edt\u00e1sra, illetve profilinform\u00e1ci\u00f3k t\u00e1rol\u00e1s\u00e1ra alkalmas \u2013 jelsorozat, melyet a szolg\u00e1ltat\u00f3k a l\u00e1togat\u00f3k sz\u00e1m\u00edt\u00f3g\u00e9p\u00e9re helyeznek el. Fontos tudni, hogy az ilyen jelsorozat \u2013 tekintettel arra, hogy a felhaszn\u00e1l\u00e1sa sor\u00e1n a teljes IP c\u00edm t\u00e1rol\u00e1sa nem t\u00f6rt\u00e9nik meg \u2013 \u00f6nmag\u00e1ban semmilyen m\u00f3don nem k\u00e9pes az \u00fcgyfelet, azaz a l\u00e1togat\u00f3t azonos\u00edtani, csak a l\u00e1togat\u00f3 g\u00e9p\u00e9nek felismer\u00e9s\u00e9re alkalmas. N\u00e9v, e-mail c\u00edm vagy b\u00e1rmilyen m\u00e1s szem\u00e9lyes inform\u00e1ci\u00f3 megad\u00e1sa nem sz\u00fcks\u00e9ges, hiszen az ilyen megold\u00e1sok alkalmaz\u00e1sakor a l\u00e1togat\u00f3t\u00f3l a szolg\u00e1ltat\u00f3 nem is k\u00e9r adatot, az adatcsere voltak\u00e9ppen g\u00e9pek k\u00f6z\u00f6tt t\u00f6rt\u00e9nik meg.<\/p><p><strong>L\u00e1togatotts\u00e1gi statisztika:<\/strong><\/p><p>Jelen weboldal a Google Inc. (\u201eGoogle\u201d) Google Analytics nev\u0171 webanalitikai szolg\u00e1ltat\u00e1s\u00e1t haszn\u00e1lja. A Google Analytics \u00fagynevezett \u201es\u00fctiket\u201d (cookies), az \u00d6n sz\u00e1m\u00edt\u00f3g\u00e9p\u00e9n t\u00e1rolt sz\u00f6vegf\u00e1jlokat alkalmaz, amelyek a weboldal haszn\u00e1lat\u00e1nak elemz\u00e9s\u00e9t teszik lehet\u0151v\u00e9.<\/p><p>A s\u00fcti \u00e1ltal gener\u00e1lt, a weboldal haszn\u00e1lat\u00e1ra vonatkoz\u00f3 inform\u00e1ci\u00f3kat (bele\u00e9rtve az \u00d6n IP-c\u00edm\u00e9t) a Google Egyes\u00fclt \u00c1llamokbeli szervereire tov\u00e1bb\u00edtj\u00e1k \u00e9s ott t\u00e1rolj\u00e1k.<\/p><p>A Google ezeket az inform\u00e1ci\u00f3kat felhaszn\u00e1lja a weboldal \u00d6n \u00e1ltal t\u00f6rt\u00e9n\u0151 haszn\u00e1lat\u00e1nak ki\u00e9rt\u00e9kel\u00e9s\u00e9re, a weboldalon v\u00e9grehajtott tev\u00e9kenys\u00e9gekr\u0151l k\u00e9sz\u00fclt jelent\u00e9seknek a weboldalak \u00fczemeltet\u0151i r\u00e9sz\u00e9re t\u00f6rt\u00e9n\u0151 \u00f6ssze\u00e1ll\u00edt\u00e1s\u00e1ra, valamint a weboldalon v\u00e9grehajtott tev\u00e9kenys\u00e9gekkel \u00e9s az internethaszn\u00e1lattal kapcsolatos egy\u00e9b szolg\u00e1ltat\u00e1sok ny\u00fajt\u00e1s\u00e1ra. A Google ezeket az inform\u00e1ci\u00f3kat adott esetben harmadik felek r\u00e9sz\u00e9re is kiadhatja, amennyiben ezt t\u00f6rv\u00e9ny \u00edrja el\u0151, vagy amennyiben a harmadik f\u00e9l a Google megb\u00edz\u00e1s\u00e1b\u00f3l ezeket az adatokat feldolgozza. A Google semmilyen esetben sem t\u00e1rs\u00edtja az \u00d6n IP c\u00edm\u00e9t a Google birtok\u00e1ban l\u00e9v\u0151 m\u00e1s adatokkal. B\u00f6ng\u00e9sz\u0151je megfelel\u0151 be\u00e1ll\u00edt\u00e1sainak kiv\u00e1laszt\u00e1s\u00e1val \u00d6n visszautas\u00edthatja a s\u00fctik haszn\u00e1lat\u00e1t, azonban felh\u00edvjuk figyelm\u00e9t, hogy ebben az esetben \u00d6n val\u00f3sz\u00edn\u0171leg nem haszn\u00e1lhatja teljes m\u00e9rt\u00e9kben a weboldal \u00f6sszes funkci\u00f3j\u00e1t. Jelen weboldal haszn\u00e1lat\u00e1val \u00d6n elfogadja a Google \u00e1ltal \u00d6nr\u0151l gy\u0171jt\u00f6tt adatok feldolgoz\u00e1s\u00e1t a fentebb le\u00edrt m\u00f3dszer \u00e9s rendeltet\u00e9s szerint.<\/p><p>A Google Inc. adatv\u00e9delmi ir\u00e1nyelveir\u0151l az al\u00e1bbi hivatkoz\u00e1son tal\u00e1l b\u0151vebb inform\u00e1ci\u00f3t: http:\/\/www.google.hu\/intl\/hu\/policies\/privacy\/<\/p><p><strong>Szerz\u0151i jogok:<\/strong><\/p><p>A honlap tartalma (sz\u00f6vegek, k\u00e9pek, anim\u00e1ci\u00f3k, vide\u00f3k) Hilltop Logisztikai Kft. tulajdon\u00e1t k\u00e9pezik, valamint a szerz\u0151i jog v\u00e9delme alatt \u00e1llnak. A weboldal b\u00e1rmely tartalmi eleme a tulajdonos hozz\u00e1j\u00e1rul\u00e1sa n\u00e9lk\u00fcl nem felhaszn\u00e1lhat\u00f3.<\/p><p>A Budapesti B\u00e9k\u00e9ltet\u0151 Test\u00fclet el\u00e9r\u00e9se:<br \/>1016 Budapest, Krisztina krt. 99. III. em. 310.<br \/>Levelez\u00e9si c\u00edm: 1253 Budapest, Pf.: 10.<br \/>Telefon: +36 1\/488-2131<br \/>E-mail: bekelteto.testulet@bkik.hu<\/p>\t\t\t\t\t\t<\/div>\n\t\t\t\t<\/div>\n\t\t\t\t\t<\/div>\n\t\t\t\t<\/div>\n\t\t\t\t<\/div>","protected":false},"excerpt":{"rendered":"<p>Jogi nyilatkozat S\u00fctik haszn\u00e1lata: Az anonim l\u00e1togat\u00f3azonos\u00edt\u00f3 (cookie, s\u00fcti) egy olyan egyedi \u2013 azonos\u00edt\u00e1sra, illetve profilinform\u00e1ci\u00f3k t\u00e1rol\u00e1s\u00e1ra alkalmas \u2013 jelsorozat, melyet a szolg\u00e1ltat\u00f3k a l\u00e1togat\u00f3k sz\u00e1m\u00edt\u00f3g\u00e9p\u00e9re helyeznek el. Fontos tudni, hogy az ilyen jelsorozat \u2013 tekintettel arra, hogy a felhaszn\u00e1l\u00e1sa sor\u00e1n a teljes IP c\u00edm t\u00e1rol\u00e1sa nem t\u00f6rt\u00e9nik meg \u2013 \u00f6nmag\u00e1ban semmilyen m\u00f3don nem k\u00e9pes [&hellip;]<\/p>","protected":false},"author":1,"featured_media":0,"parent":0,"menu_order":0,"comment_status":"closed","ping_status":"closed","template":"elementor_header_footer","meta":{"footnotes":""},"class_list":["post-573","page","type-page","status-publish","hentry"],"_links":{"self":[{"href":"https:\/\/hilltoplog.hu\/en\/wp-json\/wp\/v2\/pages\/573","targetHints":{"allow":["GET"]}}],"collection":[{"href":"https:\/\/hilltoplog.hu\/en\/wp-json\/wp\/v2\/pages"}],"about":[{"href":"https:\/\/hilltoplog.hu\/en\/wp-json\/wp\/v2\/types\/page"}],"author":[{"embeddable":true,"href":"https:\/\/hilltoplog.hu\/en\/wp-json\/wp\/v2\/users\/1"}],"replies":[{"embeddable":true,"href":"https:\/\/hilltoplog.hu\/en\/wp-json\/wp\/v2\/comments?post=573"}],"version-history":[{"count":4,"href":"https:\/\/hilltoplog.hu\/en\/wp-json\/wp\/v2\/pages\/573\/revisions"}],"predecessor-version":[{"id":585,"href":"https:\/\/hilltoplog.hu\/en\/wp-json\/wp\/v2\/pages\/573\/revisions\/585"}],"wp:attachment":[{"href":"https:\/\/hilltoplog.hu\/en\/wp-json\/wp\/v2\/media?parent=573"}],"curies":[{"name":"wp","href":"https:\/\/api.w.org\/{rel}","templated":true}]}}