{"id":104,"date":"2024-04-05T17:04:16","date_gmt":"2024-04-05T15:04:16","guid":{"rendered":"https:\/\/uj2.hilltoplog.hu\/?page_id=104"},"modified":"2026-03-23T16:52:26","modified_gmt":"2026-03-23T15:52:26","slug":"minosegpolitika","status":"publish","type":"page","link":"https:\/\/hilltoplog.hu\/en\/minosegpolitika\/","title":{"rendered":"Quality policy"},"content":{"rendered":"<div data-elementor-type=\"wp-page\" data-elementor-id=\"104\" class=\"elementor elementor-104\" data-elementor-post-type=\"page\">\n\t\t\t\t<div class=\"elementor-element elementor-element-6b5c615 e-flex e-con-boxed e-con e-parent\" data-id=\"6b5c615\" data-element_type=\"container\" data-settings=\"{&quot;background_background&quot;:&quot;classic&quot;,&quot;shape_divider_bottom&quot;:&quot;triangle-asymmetrical&quot;,&quot;shape_divider_bottom_negative&quot;:&quot;yes&quot;}\" data-core-v316-plus=\"true\">\n\t\t\t\t\t<div class=\"e-con-inner\">\n\t\t\t\t<div class=\"elementor-shape elementor-shape-bottom\" data-negative=\"true\">\n\t\t\t<svg xmlns=\"http:\/\/www.w3.org\/2000\/svg\" viewbox=\"0 0 1000 100\" preserveaspectratio=\"none\">\n\t<path class=\"elementor-shape-fill\" d=\"M737.9,94.7L0,0v100h1000V0L737.9,94.7z\"\/>\n<\/svg>\t\t<\/div>\n\t\t\t\t<div class=\"elementor-element elementor-element-348c8df elementor-widget elementor-widget-heading\" data-id=\"348c8df\" data-element_type=\"widget\" data-widget_type=\"heading.default\">\n\t\t\t\t<div class=\"elementor-widget-container\">\n\t\t\t<style>\/*! elementor - v3.20.0 - 26-03-2024 *\/\n.elementor-heading-title{padding:0;margin:0;line-height:1}.elementor-widget-heading .elementor-heading-title[class*=elementor-size-]>a{color:inherit;font-size:inherit;line-height:inherit}.elementor-widget-heading .elementor-heading-title.elementor-size-small{font-size:15px}.elementor-widget-heading .elementor-heading-title.elementor-size-medium{font-size:19px}.elementor-widget-heading .elementor-heading-title.elementor-size-large{font-size:29px}.elementor-widget-heading .elementor-heading-title.elementor-size-xl{font-size:39px}.elementor-widget-heading .elementor-heading-title.elementor-size-xxl{font-size:59px}<\/style><h1 class=\"elementor-heading-title elementor-size-default\">Quality policy<\/h1>\t\t<\/div>\n\t\t\t\t<\/div>\n\t\t\t\t\t<\/div>\n\t\t\t\t<\/div>\n\t\t<div class=\"elementor-element elementor-element-0985189 e-flex e-con-boxed elementor-invisible e-con e-parent\" data-id=\"0985189\" data-element_type=\"container\" data-settings=\"{&quot;animation&quot;:&quot;fadeIn&quot;}\" data-core-v316-plus=\"true\">\n\t\t\t\t\t<div class=\"e-con-inner\">\n\t\t\t\t<div class=\"elementor-element elementor-element-7e18289 elementor-widget elementor-widget-text-editor\" data-id=\"7e18289\" data-element_type=\"widget\" data-widget_type=\"text-editor.default\">\n\t\t\t\t<div class=\"elementor-widget-container\">\n\t\t\t<style>\/*! elementor - v3.20.0 - 26-03-2024 *\/\n.elementor-widget-text-editor.elementor-drop-cap-view-stacked .elementor-drop-cap{background-color:#69727d;color:#fff}.elementor-widget-text-editor.elementor-drop-cap-view-framed .elementor-drop-cap{color:#69727d;border:3px solid;background-color:transparent}.elementor-widget-text-editor:not(.elementor-drop-cap-view-default) .elementor-drop-cap{margin-top:8px}.elementor-widget-text-editor:not(.elementor-drop-cap-view-default) .elementor-drop-cap-letter{width:1em;height:1em}.elementor-widget-text-editor .elementor-drop-cap{float:left;text-align:center;line-height:1;font-size:50px}.elementor-widget-text-editor .elementor-drop-cap-letter{display:inline-block}<\/style>\t\t\t\t<p><strong>A HILLTOP LOGISZTIKAI KFT. MIN\u0150S\u00c9GPOLITIK\u00c1JA<\/strong><\/p><p>\u00a0<\/p><p>Our company, a stable small enterprise, has been present in the freight forwarding market since 2001. We provide road freight services and sell sea ferry tickets for trucks, supported by a reliable network of subcontractors.<\/p><p><strong>Alapvet\u0151 c\u00e9lunk, hogy szolg\u00e1ltat\u00e1saink egyenletesen j\u00f3 min\u0151s\u00e9g\u00e9vel megfelelj\u00fcnk vev\u0151ink \u00e9s az \u00e9rdekelt felek elv\u00e1rt ig\u00e9nyeinek, bizalm\u00e1nak.<\/strong><\/p><p>\u00a0<\/p><p>\u00a0\u00a0\u00a0\u00a0\u00a0\u00a0 <strong>E c\u00e9l \u00e9rdek\u00e9ben a c\u00e9g vezet\u0151i \u00e9s minden munkat\u00e1rsunk elk\u00f6telezett az al\u00e1bbiakban:<\/strong><\/p><p>\u00a0<\/p><ul><li>min\u0151s\u00e9gir\u00e1ny\u00edt\u00e1si rendszer\u00fcnk szerinti folyamatok alkalmaz\u00e1sa, a rendszer folyamatos tov\u00e1bbfejleszt\u00e9se<\/li><li>megb\u00edz\u00f3ink ig\u00e9nyei alapj\u00e1n fenn k\u00edv\u00e1njuk tartani folyamatainkat, er\u0151s\u00edteni ellen\u0151rz\u00e9si tev\u00e9kenys\u00e9g\u00fcnket, \u00edgy tov\u00e1bb tudjuk fejleszteni <strong>vev\u0151k\u00f6zpont\u00fa<\/strong> int\u00e9zked\u00e9seinket<\/li><li>speci\u00e1lis ter\u00fcleteken is kiemelked\u0151 szolg\u00e1ltat\u00e1st ny\u00fajtunk, ezt biztos\u00edtja, hogy c\u00e9g\u00fcnk az <strong>IFS<\/strong> \u00e9s <strong>TAPA <\/strong>tan\u00fas\u00edtv\u00e1nyokkal is rendelkezik<\/li><li>figyelmet ford\u00edtunk a sz\u00e1m\u00edt\u00f3g\u00e9pes rendszer megfelel\u0151 kezel\u00e9s\u00e9re, gondoskodva a megb\u00edzhat\u00f3 <strong>IT h\u00e1tt\u00e9r<\/strong>r\u0151l, hangs\u00falyt fektet\u00fcnk annak folyamatos fejleszt\u00e9s\u00e9re<\/li><li>t\u00f6reksz\u00fcnk arra, hogy az \u00e1ltalunk kiv\u00e1l\u00f3nak min\u0151s\u00edtett alv\u00e1llalkoz\u00f3kkal dolgozzunk k\u00f6z\u00f6sen \u00fcgyfeleink megel\u00e9gedetts\u00e9g\u00e9\u00e9rt, emellett hangs\u00faly fektet\u00fcnk koll\u00e9g\u00e1ink <strong>oktat\u00e1s<\/strong>\u00e1ra<\/li><li>megel\u0151z\u0151 int\u00e9zked\u00e9seket tesz\u00fcnk a k\u00f6rnyezetet, az eg\u00e9szs\u00e9get \u00e9s a biztons\u00e1got fenyeget\u0151 kock\u00e1zatok cs\u00f6kkent\u00e9s\u00e9re, a szem\u00e9lyi \u00e9s dologi k\u00e1rok megakad\u00e1lyoz\u00e1s\u00e1ra, az energiahat\u00e9konys\u00e1g n\u00f6vel\u00e9se \u00e9rdek\u00e9ben. Folyamatosan figyelemmel k\u00eds\u00e9rj\u00fck a folyamatok m\u0171k\u00f6d\u00e9s\u00e9t, \u00e9s biztos\u00edtjuk az el\u0151ir\u00e1nyzatok \u00e9s c\u00e9lok el\u00e9r\u00e9s\u00e9hez sz\u00fcks\u00e9ges inform\u00e1ci\u00f3k \u00e9s er\u0151forr\u00e1sok el\u00e9rhet\u0151s\u00e9g\u00e9t<\/li><li>Priorit\u00e1sk\u00e9nt kezelj\u00fck <strong>t\u00e1rsadalmi \u00e9s szoci\u00e1lis felel\u0151ss\u00e9gv\u00e1llal\u00e1sunkat<\/strong>, <strong>k\u00f6rnyezettudatos<\/strong> m\u0171k\u00f6d\u00e9s\u00fcnkre kiemelt figyelmet ford\u00edtunk.<\/li><li>A tan\u00fas\u00edtott ir\u00e1ny\u00edt\u00e1si rendszer\u00fcnk <strong>MSZ EN ISO 9001:2015 szabv\u00e1nynak<\/strong> megfelel, \u00edgy garant\u00e1ljuk szolg\u00e1ltat\u00e1saink magas min\u0151s\u00e9g\u00e9t \u00e9s ezek folyamatos fejleszt\u00e9s\u00e9t.<\/li><\/ul><p>\u00a0<\/p><p>Hisz\u00fcnk abban, hogy rendszer\u00fcnk m\u0171k\u00f6dtet\u00e9s\u00e9vel rugalmasan tudunk alkalmazkodni a gazdas\u00e1gi \u00e9let v\u00e1ltoz\u00f3 k\u00f6r\u00fclm\u00e9nyeihez, \u00edgy c\u00e9g\u00fcnk a szolg\u00e1ltat\u00e1si ter\u00fclet\u00e9n h\u00edrnevet, megbecs\u00fcl\u00e9st \u00e9s felt\u00e9tlen bizalmat \u00e9r el az \u00e9rdekelt felekn\u00e9l.<\/p><p><strong>SOLUTIONS AT THE TOP \u2013 VERHETETLEN MEGOLD\u00c1SOK!<\/strong><\/p><p>\u00a0<\/p><p>Budapest, 2025.03.04 \u00a0\u00a0\u00a0\u00a0\u00a0\u00a0\u00a0\u00a0\u00a0\u00a0\u00a0\u00a0\u00a0\u00a0\u00a0\u00a0\u00a0\u00a0\u00a0\u00a0\u00a0\u00a0\u00a0\u00a0\u00a0\u00a0\u00a0\u00a0\u00a0\u00a0\u00a0\u00a0\u00a0\u00a0\u00a0\u00a0\u00a0\u00a0\u00a0\u00a0\u00a0\u00a0\u00a0\u00a0\u00a0\u00a0\u00a0\u00a0\u00a0\u00a0\u00a0\u00a0\u00a0\u00a0\u00a0\u00a0\u00a0\u00a0 \u00a0\u00a0\u00a0\u00a0\u00a0\u00a0 K\u00e9sz\u00edtette:<\/p><p>\u00a0<\/p><p>\u00a0\u00a0\u00a0\u00a0\u00a0\u00a0\u00a0\u00a0\u00a0\u00a0\u00a0\u00a0\u00a0\u00a0 \u00a0\u00a0\u00a0\u00a0\u00a0\u00a0\u00a0\u00a0\u00a0\u00a0\u00a0 F\u0171r\u00e9sz Imre, c\u00e9gtulajdonos &#8211; \u00fcgyvezet\u0151<\/p>\t\t\t\t\t\t<\/div>\n\t\t\t\t<\/div>\n\t\t\t\t\t<\/div>\n\t\t\t\t<\/div>\n\t\t<div class=\"elementor-element elementor-element-c0cdf7a e-flex e-con-boxed e-con e-parent\" data-id=\"c0cdf7a\" data-element_type=\"container\" data-settings=\"{&quot;background_background&quot;:&quot;classic&quot;}\" data-core-v316-plus=\"true\">\n\t\t\t\t\t<div class=\"e-con-inner\">\n\t\t<div class=\"elementor-element elementor-element-d90eb67 e-flex e-con-boxed e-con e-child\" data-id=\"d90eb67\" data-element_type=\"container\">\n\t\t\t\t\t<div class=\"e-con-inner\">\n\t\t\t\t<div class=\"elementor-element elementor-element-de046f8 elementor-widget elementor-widget-heading\" data-id=\"de046f8\" data-element_type=\"widget\" data-widget_type=\"heading.default\">\n\t\t\t\t<div class=\"elementor-widget-container\">\n\t\t\t<h2 class=\"elementor-heading-title elementor-size-default\">We are eagerly awaiting your inquiry, especially regarding tasks that may pose problems for you. <\/h2>\t\t<\/div>\n\t\t\t\t<\/div>\n\t\t\t\t<div class=\"elementor-element elementor-element-46ca288 elementor-align-center elementor-invisible elementor-widget elementor-widget-button\" data-id=\"46ca288\" data-element_type=\"widget\" data-settings=\"{&quot;_animation&quot;:&quot;bounceIn&quot;}\" data-widget_type=\"button.default\">\n\t\t\t\t<div class=\"elementor-widget-container\">\n\t\t\t\t\t<div class=\"elementor-button-wrapper\">\n\t\t\t<a class=\"elementor-button elementor-button-link elementor-size-sm\" href=\"https:\/\/hilltoplog.hu\/en\/kapcsolat\/\">\n\t\t\t\t\t\t<span class=\"elementor-button-content-wrapper\">\n\t\t\t\t\t\t<span class=\"elementor-button-text\">Contact<\/span>\n\t\t<\/span>\n\t\t\t\t\t<\/a>\n\t\t<\/div>\n\t\t\t\t<\/div>\n\t\t\t\t<\/div>\n\t\t\t\t\t<\/div>\n\t\t\t\t<\/div>\n\t\t\t\t\t<\/div>\n\t\t\t\t<\/div>\n\t\t<div class=\"elementor-element elementor-element-09f5761 e-flex e-con-boxed e-con e-parent\" data-id=\"09f5761\" data-element_type=\"container\" data-core-v316-plus=\"true\">\n\t\t\t\t\t<div class=\"e-con-inner\">\n\t\t\t\t<div class=\"elementor-element elementor-element-4765fad elementor-widget-divider--view-line elementor-widget elementor-widget-divider\" data-id=\"4765fad\" data-element_type=\"widget\" data-widget_type=\"divider.default\">\n\t\t\t\t<div class=\"elementor-widget-container\">\n\t\t\t<style>\/*! elementor - v3.20.0 - 26-03-2024 *\/\n.elementor-widget-divider{--divider-border-style:none;--divider-border-width:1px;--divider-color:#0c0d0e;--divider-icon-size:20px;--divider-element-spacing:10px;--divider-pattern-height:24px;--divider-pattern-size:20px;--divider-pattern-url:none;--divider-pattern-repeat:repeat-x}.elementor-widget-divider .elementor-divider{display:flex}.elementor-widget-divider .elementor-divider__text{font-size:15px;line-height:1;max-width:95%}.elementor-widget-divider .elementor-divider__element{margin:0 var(--divider-element-spacing);flex-shrink:0}.elementor-widget-divider .elementor-icon{font-size:var(--divider-icon-size)}.elementor-widget-divider .elementor-divider-separator{display:flex;margin:0;direction:ltr}.elementor-widget-divider--view-line_icon .elementor-divider-separator,.elementor-widget-divider--view-line_text .elementor-divider-separator{align-items:center}.elementor-widget-divider--view-line_icon .elementor-divider-separator:after,.elementor-widget-divider--view-line_icon .elementor-divider-separator:before,.elementor-widget-divider--view-line_text .elementor-divider-separator:after,.elementor-widget-divider--view-line_text .elementor-divider-separator:before{display:block;content:\"\";border-block-end:0;flex-grow:1;border-block-start:var(--divider-border-width) var(--divider-border-style) var(--divider-color)}.elementor-widget-divider--element-align-left .elementor-divider .elementor-divider-separator>.elementor-divider__svg:first-of-type{flex-grow:0;flex-shrink:100}.elementor-widget-divider--element-align-left .elementor-divider-separator:before{content:none}.elementor-widget-divider--element-align-left .elementor-divider__element{margin-left:0}.elementor-widget-divider--element-align-right .elementor-divider .elementor-divider-separator>.elementor-divider__svg:last-of-type{flex-grow:0;flex-shrink:100}.elementor-widget-divider--element-align-right .elementor-divider-separator:after{content:none}.elementor-widget-divider--element-align-right .elementor-divider__element{margin-right:0}.elementor-widget-divider--element-align-start .elementor-divider .elementor-divider-separator>.elementor-divider__svg:first-of-type{flex-grow:0;flex-shrink:100}.elementor-widget-divider--element-align-start .elementor-divider-separator:before{content:none}.elementor-widget-divider--element-align-start .elementor-divider__element{margin-inline-start:0}.elementor-widget-divider--element-align-end .elementor-divider .elementor-divider-separator>.elementor-divider__svg:last-of-type{flex-grow:0;flex-shrink:100}.elementor-widget-divider--element-align-end .elementor-divider-separator:after{content:none}.elementor-widget-divider--element-align-end .elementor-divider__element{margin-inline-end:0}.elementor-widget-divider:not(.elementor-widget-divider--view-line_text):not(.elementor-widget-divider--view-line_icon) .elementor-divider-separator{border-block-start:var(--divider-border-width) var(--divider-border-style) var(--divider-color)}.elementor-widget-divider--separator-type-pattern{--divider-border-style:none}.elementor-widget-divider--separator-type-pattern.elementor-widget-divider--view-line .elementor-divider-separator,.elementor-widget-divider--separator-type-pattern:not(.elementor-widget-divider--view-line) .elementor-divider-separator:after,.elementor-widget-divider--separator-type-pattern:not(.elementor-widget-divider--view-line) .elementor-divider-separator:before,.elementor-widget-divider--separator-type-pattern:not([class*=elementor-widget-divider--view]) .elementor-divider-separator{width:100%;min-height:var(--divider-pattern-height);-webkit-mask-size:var(--divider-pattern-size) 100%;mask-size:var(--divider-pattern-size) 100%;-webkit-mask-repeat:var(--divider-pattern-repeat);mask-repeat:var(--divider-pattern-repeat);background-color:var(--divider-color);-webkit-mask-image:var(--divider-pattern-url);mask-image:var(--divider-pattern-url)}.elementor-widget-divider--no-spacing{--divider-pattern-size:auto}.elementor-widget-divider--bg-round{--divider-pattern-repeat:round}.rtl .elementor-widget-divider .elementor-divider__text{direction:rtl}.e-con-inner>.elementor-widget-divider,.e-con>.elementor-widget-divider{width:var(--container-widget-width,100%);--flex-grow:var(--container-widget-flex-grow)}<\/style>\t\t<div class=\"elementor-divider\">\n\t\t\t<span class=\"elementor-divider-separator\">\n\t\t\t\t\t\t<\/span>\n\t\t<\/div>\n\t\t\t\t<\/div>\n\t\t\t\t<\/div>\n\t\t<div class=\"elementor-element elementor-element-8d3ef18 e-grid e-con-boxed e-con e-child\" data-id=\"8d3ef18\" data-element_type=\"container\">\n\t\t\t\t\t<div class=\"e-con-inner\">\n\t\t\t\t<div class=\"elementor-element elementor-element-c684161 elementor-widget elementor-widget-image\" data-id=\"c684161\" data-element_type=\"widget\" data-widget_type=\"image.default\">\n\t\t\t\t<div class=\"elementor-widget-container\">\n\t\t\t<style>\/*! elementor - v3.20.0 - 26-03-2024 *\/\n.elementor-widget-image{text-align:center}.elementor-widget-image a{display:inline-block}.elementor-widget-image a img[src$=\".svg\"]{width:48px}.elementor-widget-image img{vertical-align:middle;display:inline-block}<\/style>\t\t\t\t\t\t\t\t\t\t<img fetchpriority=\"high\" decoding=\"async\" width=\"575\" height=\"479\" src=\"https:\/\/hilltoplog.hu\/wp-content\/uploads\/2024\/04\/hilltop_iso.jpg\" class=\"attachment-full size-full wp-image-518\" alt=\"\" srcset=\"https:\/\/hilltoplog.hu\/wp-content\/uploads\/2024\/04\/hilltop_iso.jpg 575w, https:\/\/hilltoplog.hu\/wp-content\/uploads\/2024\/04\/hilltop_iso-300x250.jpg 300w\" sizes=\"(max-width: 575px) 100vw, 575px\" \/>\t\t\t\t\t\t\t\t\t\t\t\t\t<\/div>\n\t\t\t\t<\/div>\n\t\t\t\t<div class=\"elementor-element elementor-element-7959fe6 elementor-widget elementor-widget-image\" data-id=\"7959fe6\" data-element_type=\"widget\" data-widget_type=\"image.default\">\n\t\t\t\t<div class=\"elementor-widget-container\">\n\t\t\t\t\t\t\t\t\t\t\t\t\t<img decoding=\"async\" width=\"1660\" height=\"1057\" src=\"https:\/\/hilltoplog.hu\/wp-content\/uploads\/2025\/01\/IFS-logo.jpg\" class=\"attachment-full size-full wp-image-1187\" alt=\"\" srcset=\"https:\/\/hilltoplog.hu\/wp-content\/uploads\/2025\/01\/IFS-logo.jpg 1660w, https:\/\/hilltoplog.hu\/wp-content\/uploads\/2025\/01\/IFS-logo-300x191.jpg 300w, https:\/\/hilltoplog.hu\/wp-content\/uploads\/2025\/01\/IFS-logo-1024x652.jpg 1024w, https:\/\/hilltoplog.hu\/wp-content\/uploads\/2025\/01\/IFS-logo-768x489.jpg 768w, https:\/\/hilltoplog.hu\/wp-content\/uploads\/2025\/01\/IFS-logo-1536x978.jpg 1536w, https:\/\/hilltoplog.hu\/wp-content\/uploads\/2025\/01\/IFS-logo-18x12.jpg 18w\" sizes=\"(max-width: 1660px) 100vw, 1660px\" \/>\t\t\t\t\t\t\t\t\t\t\t\t\t<\/div>\n\t\t\t\t<\/div>\n\t\t\t\t<div class=\"elementor-element elementor-element-2fb9ef2 elementor-widget elementor-widget-image\" data-id=\"2fb9ef2\" data-element_type=\"widget\" data-widget_type=\"image.default\">\n\t\t\t\t<div class=\"elementor-widget-container\">\n\t\t\t\t\t\t\t\t\t\t\t\t\t<img decoding=\"async\" width=\"1024\" height=\"683\" src=\"https:\/\/hilltoplog.hu\/wp-content\/uploads\/2024\/12\/TAPA-TSR-LOGO.png\" class=\"attachment-full size-full wp-image-1129\" alt=\"\" srcset=\"https:\/\/hilltoplog.hu\/wp-content\/uploads\/2024\/12\/TAPA-TSR-LOGO.png 1024w, https:\/\/hilltoplog.hu\/wp-content\/uploads\/2024\/12\/TAPA-TSR-LOGO-300x200.png 300w, https:\/\/hilltoplog.hu\/wp-content\/uploads\/2024\/12\/TAPA-TSR-LOGO-768x512.png 768w, https:\/\/hilltoplog.hu\/wp-content\/uploads\/2024\/12\/TAPA-TSR-LOGO-18x12.png 18w\" sizes=\"(max-width: 1024px) 100vw, 1024px\" \/>\t\t\t\t\t\t\t\t\t\t\t\t\t<\/div>\n\t\t\t\t<\/div>\n\t\t\t\t\t<\/div>\n\t\t\t\t<\/div>\n\t\t\t\t<div class=\"elementor-element elementor-element-39cb2cd elementor-widget-divider--view-line elementor-widget elementor-widget-divider\" data-id=\"39cb2cd\" data-element_type=\"widget\" data-widget_type=\"divider.default\">\n\t\t\t\t<div class=\"elementor-widget-container\">\n\t\t\t\t\t<div class=\"elementor-divider\">\n\t\t\t<span class=\"elementor-divider-separator\">\n\t\t\t\t\t\t<\/span>\n\t\t<\/div>\n\t\t\t\t<\/div>\n\t\t\t\t<\/div>\n\t\t\t\t\t<\/div>\n\t\t\t\t<\/div>\n\t\t\t\t<\/div>","protected":false},"excerpt":{"rendered":"<p>Min\u0151s\u00e9gpolitika A HILLTOP LOGISZTIKAI KFT. MIN\u0150S\u00c9GPOLITIK\u00c1JA \u00a0 C\u00e9g\u00fcnk 2001 \u00f3ta van jelen a sz\u00e1ll\u00edtm\u00e1nyoz\u00e1s piac\u00e1n, mint stabil kisv\u00e1llalkoz\u00e1s. K\u00f6z\u00fati sz\u00e1ll\u00edtm\u00e1nyoz\u00e1si szolg\u00e1ltat\u00e1st, valamint tengeri kompjegyek forgalmaz\u00e1s\u00e1t v\u00e9gezz\u00fck teherg\u00e9pj\u00e1rm\u0171vek r\u00e9sz\u00e9re, megb\u00edzhat\u00f3 alv\u00e1llalkoz\u00f3i h\u00e1tt\u00e9rrel. Alapvet\u0151 c\u00e9lunk, hogy szolg\u00e1ltat\u00e1saink egyenletesen j\u00f3 min\u0151s\u00e9g\u00e9vel megfelelj\u00fcnk vev\u0151ink \u00e9s az \u00e9rdekelt felek elv\u00e1rt ig\u00e9nyeinek, bizalm\u00e1nak. \u00a0 \u00a0\u00a0\u00a0\u00a0\u00a0\u00a0 E c\u00e9l \u00e9rdek\u00e9ben a c\u00e9g vezet\u0151i [&hellip;]<\/p>","protected":false},"author":1,"featured_media":0,"parent":0,"menu_order":0,"comment_status":"closed","ping_status":"closed","template":"elementor_header_footer","meta":{"footnotes":""},"class_list":["post-104","page","type-page","status-publish","hentry"],"_links":{"self":[{"href":"https:\/\/hilltoplog.hu\/en\/wp-json\/wp\/v2\/pages\/104","targetHints":{"allow":["GET"]}}],"collection":[{"href":"https:\/\/hilltoplog.hu\/en\/wp-json\/wp\/v2\/pages"}],"about":[{"href":"https:\/\/hilltoplog.hu\/en\/wp-json\/wp\/v2\/types\/page"}],"author":[{"embeddable":true,"href":"https:\/\/hilltoplog.hu\/en\/wp-json\/wp\/v2\/users\/1"}],"replies":[{"embeddable":true,"href":"https:\/\/hilltoplog.hu\/en\/wp-json\/wp\/v2\/comments?post=104"}],"version-history":[{"count":67,"href":"https:\/\/hilltoplog.hu\/en\/wp-json\/wp\/v2\/pages\/104\/revisions"}],"predecessor-version":[{"id":1218,"href":"https:\/\/hilltoplog.hu\/en\/wp-json\/wp\/v2\/pages\/104\/revisions\/1218"}],"wp:attachment":[{"href":"https:\/\/hilltoplog.hu\/en\/wp-json\/wp\/v2\/media?parent=104"}],"curies":[{"name":"wp","href":"https:\/\/api.w.org\/{rel}","templated":true}]}}